{"id":1511,"date":"2025-01-17T09:51:15","date_gmt":"2025-01-17T08:51:15","guid":{"rendered":"https:\/\/egle-immobilien.ch\/?page_id=1511"},"modified":"2025-01-20T13:03:26","modified_gmt":"2025-01-20T12:03:26","slug":"anmeldeformular-fur-miet-oder-kaufinteressenten","status":"publish","type":"page","link":"https:\/\/egle-immobilien.ch\/?page_id=1511","title":{"rendered":"Anmeldeformular f\u00fcr Miet- oder Kaufinteressenten"},"content":{"rendered":"\t\t<div data-elementor-type=\"wp-page\" data-elementor-id=\"1511\" class=\"elementor elementor-1511\" data-elementor-settings=\"{&quot;ha_cmc_init_switcher&quot;:&quot;no&quot;}\" data-elementor-post-type=\"page\">\n\t\t\t\t<div class=\"elementor-element elementor-element-3371f7d e-flex e-con-boxed e-con e-parent\" data-id=\"3371f7d\" data-element_type=\"container\" data-settings=\"{&quot;_ha_eqh_enable&quot;:false}\">\n\t\t\t\t\t<div class=\"e-con-inner\">\n\t\t\t\t<div class=\"elementor-element elementor-element-e6f1513 elementor-widget elementor-widget-heading\" data-id=\"e6f1513\" data-element_type=\"widget\" data-widget_type=\"heading.default\">\n\t\t\t\t<div class=\"elementor-widget-container\">\n\t\t\t\t\t<h2 class=\"elementor-heading-title elementor-size-default\">Anmeldeformular f\u00fcr Miet- oder Kaufinteressenten <\/h2>\t\t\t\t<\/div>\n\t\t\t\t<\/div>\n\t\t\t\t<div class=\"elementor-element elementor-element-88f0430 elementor-widget elementor-widget-wpforms\" data-id=\"88f0430\" data-element_type=\"widget\" data-widget_type=\"wpforms.default\">\n\t\t\t\t<div class=\"elementor-widget-container\">\n\t\t\t\t\t<style id=\"wpforms-css-vars-elementor-widget-88f0430\">\n\t\t\t\t.elementor-widget-wpforms.elementor-element-88f0430 {\n\t\t\t\t--wpforms-field-size-input-height: 43px;\n--wpforms-field-size-input-spacing: 15px;\n--wpforms-field-size-font-size: 16px;\n--wpforms-field-size-line-height: 19px;\n--wpforms-field-size-padding-h: 14px;\n--wpforms-field-size-checkbox-size: 16px;\n--wpforms-field-size-sublabel-spacing: 5px;\n--wpforms-field-size-icon-size: 1;\n--wpforms-label-size-font-size: 16px;\n--wpforms-label-size-line-height: 19px;\n--wpforms-label-size-sublabel-font-size: 14px;\n--wpforms-label-size-sublabel-line-height: 17px;\n--wpforms-button-size-font-size: 17px;\n--wpforms-button-size-height: 41px;\n--wpforms-button-size-padding-h: 15px;\n--wpforms-button-size-margin-top: 10px;\n\n\t\t\t}\n\t\t\t<\/style><div class=\"wpforms-container wpforms-container-full wpforms-render-modern\" id=\"wpforms-852\"><form id=\"wpforms-form-852\" class=\"wpforms-validate wpforms-form wpforms-ajax-form\" data-formid=\"852\" method=\"post\" enctype=\"multipart\/form-data\" action=\"\/index.php?rest_route=%2Fwp%2Fv2%2Fpages%2F1511\" data-token=\"b0c6c7522f2df7a28e5936ccbaea4573\" data-token-time=\"1778153350\"><noscript class=\"wpforms-error-noscript\">Bitte aktiviere JavaScript in deinem Browser, um dieses Formular fertigzustellen.<\/noscript><div class=\"wpforms-hidden\" id=\"wpforms-error-noscript\">Bitte aktiviere JavaScript in deinem Browser, um dieses Formular fertigzustellen.<\/div><div class=\"wpforms-field-container\"><div id=\"wpforms-852-field_2-container\" class=\"wpforms-field wpforms-field-name\" data-field-id=\"2\"><fieldset><legend class=\"wpforms-field-label\">Name <span class=\"wpforms-required-label\" aria-hidden=\"true\">*<\/span><\/legend><div class=\"wpforms-field-row wpforms-field-medium\"><div class=\"wpforms-field-row-block wpforms-first wpforms-one-half\"><input type=\"text\" id=\"wpforms-852-field_2\" class=\"wpforms-field-name-first wpforms-field-required\" name=\"wpforms[fields][2][first]\" aria-errormessage=\"wpforms-852-field_2-error\" required><label for=\"wpforms-852-field_2\" class=\"wpforms-field-sublabel after\">Vorname<\/label><\/div><div class=\"wpforms-field-row-block wpforms-one-half\"><input type=\"text\" id=\"wpforms-852-field_2-last\" class=\"wpforms-field-name-last wpforms-field-required\" name=\"wpforms[fields][2][last]\" aria-errormessage=\"wpforms-852-field_2-last-error\" required><label for=\"wpforms-852-field_2-last\" class=\"wpforms-field-sublabel after\">Nachname<\/label><\/div><\/div><\/fieldset><\/div><div id=\"wpforms-852-field_22-container\" class=\"wpforms-field wpforms-field-text\" data-field-id=\"22\"><label class=\"wpforms-field-label\" for=\"wpforms-852-field_22\">Wohnadresse <span class=\"wpforms-required-label\" aria-hidden=\"true\">*<\/span><\/label><input type=\"text\" id=\"wpforms-852-field_22\" class=\"wpforms-field-medium wpforms-field-required\" name=\"wpforms[fields][22]\" aria-errormessage=\"wpforms-852-field_22-error\" required><\/div><div id=\"wpforms-852-field_4-container\" class=\"wpforms-field wpforms-field-email\" data-field-id=\"4\"><fieldset><legend class=\"wpforms-field-label\">E-Mail-Adresse  <span class=\"wpforms-required-label\" aria-hidden=\"true\">*<\/span><\/legend><div class=\"wpforms-field-row wpforms-field-medium\"><div class=\"wpforms-field-row-block wpforms-one-half wpforms-first\"><input type=\"email\" id=\"wpforms-852-field_4\" class=\"wpforms-field-required wpforms-field-email-primary\" name=\"wpforms[fields][4][primary]\" spellcheck=\"false\" aria-errormessage=\"wpforms-852-field_4-error\" required><label for=\"wpforms-852-field_4\" class=\"wpforms-field-sublabel after\">E-Mail-Adresse<\/label><\/div><div class=\"wpforms-field-row-block wpforms-one-half\"><input type=\"email\" id=\"wpforms-852-field_4-secondary\" class=\"wpforms-field-email-secondary wpforms-field-required\" data-rule-confirm=\"#wpforms-852-field_4\" name=\"wpforms[fields][4][secondary]\" spellcheck=\"false\" aria-errormessage=\"wpforms-852-field_4-secondary-error\" required><label for=\"wpforms-852-field_4-secondary\" class=\"wpforms-field-sublabel after\">E-Mail best\u00e4tigen<\/label><\/div><\/div><\/fieldset><\/div><div id=\"wpforms-852-field_23-container\" class=\"wpforms-field wpforms-field-text\" data-field-id=\"23\"><label class=\"wpforms-field-label\" for=\"wpforms-852-field_23\">Telefonnummer <span class=\"wpforms-required-label\" aria-hidden=\"true\">*<\/span><\/label><input type=\"text\" id=\"wpforms-852-field_23\" class=\"wpforms-field-medium wpforms-field-required\" name=\"wpforms[fields][23]\" aria-errormessage=\"wpforms-852-field_23-error\" required><\/div><div id=\"wpforms-852-field_5-container\" class=\"wpforms-field wpforms-field-radio\" data-field-id=\"5\"><fieldset><legend class=\"wpforms-field-label\">Ich interessiere mich f\u00fcr:  <span class=\"wpforms-required-label\" aria-hidden=\"true\">*<\/span><\/legend><ul id=\"wpforms-852-field_5\" class=\"wpforms-field-required\"><li class=\"choice-1 depth-1\"><input type=\"radio\" id=\"wpforms-852-field_5_1\" name=\"wpforms[fields][5]\" value=\"Mietobjekte\" aria-errormessage=\"wpforms-852-field_5_1-error\" required ><label class=\"wpforms-field-label-inline\" for=\"wpforms-852-field_5_1\">Mietobjekte<\/label><\/li><li class=\"choice-2 depth-1\"><input type=\"radio\" id=\"wpforms-852-field_5_2\" name=\"wpforms[fields][5]\" value=\"Kaufobjekte\" aria-errormessage=\"wpforms-852-field_5_2-error\" required ><label class=\"wpforms-field-label-inline\" for=\"wpforms-852-field_5_2\">Kaufobjekte<\/label><\/li><\/ul><\/fieldset><\/div><div id=\"wpforms-852-field_25-container\" class=\"wpforms-field wpforms-field-checkbox\" data-field-id=\"25\"><fieldset><legend class=\"wpforms-field-label\">Was suchen Sie genau? (Sie k\u00f6nnen mehrere Optionen w\u00e4hlen) <span class=\"wpforms-required-label\" aria-hidden=\"true\">*<\/span><\/legend><ul id=\"wpforms-852-field_25\" class=\"wpforms-field-required\"><li class=\"choice-1 depth-1\"><input type=\"checkbox\" id=\"wpforms-852-field_25_1\" name=\"wpforms[fields][25][]\" value=\"Wohnung\" aria-errormessage=\"wpforms-852-field_25_1-error\" required ><label class=\"wpforms-field-label-inline\" for=\"wpforms-852-field_25_1\">Wohnung<\/label><\/li><li class=\"choice-2 depth-1\"><input type=\"checkbox\" id=\"wpforms-852-field_25_2\" name=\"wpforms[fields][25][]\" value=\"Haus\" aria-errormessage=\"wpforms-852-field_25_2-error\" required ><label class=\"wpforms-field-label-inline\" for=\"wpforms-852-field_25_2\">Haus<\/label><\/li><li class=\"choice-3 depth-1\"><input type=\"checkbox\" id=\"wpforms-852-field_25_3\" name=\"wpforms[fields][25][]\" value=\"Garage \/ Parkplatz\" aria-errormessage=\"wpforms-852-field_25_3-error\" required ><label class=\"wpforms-field-label-inline\" for=\"wpforms-852-field_25_3\">Garage \/ Parkplatz<\/label><\/li><li class=\"choice-5 depth-1\"><input type=\"checkbox\" id=\"wpforms-852-field_25_5\" name=\"wpforms[fields][25][]\" value=\"Gewerbefl\u00e4che\" aria-errormessage=\"wpforms-852-field_25_5-error\" required ><label class=\"wpforms-field-label-inline\" for=\"wpforms-852-field_25_5\">Gewerbefl\u00e4che<\/label><\/li><li class=\"choice-6 depth-1\"><input type=\"checkbox\" id=\"wpforms-852-field_25_6\" name=\"wpforms[fields][25][]\" value=\"Sonstiges\" aria-errormessage=\"wpforms-852-field_25_6-error\" required ><label class=\"wpforms-field-label-inline\" for=\"wpforms-852-field_25_6\">Sonstiges<\/label><\/li><\/ul><\/fieldset><\/div><div id=\"wpforms-852-field_26-container\" class=\"wpforms-field wpforms-field-text\" data-field-id=\"26\"><label class=\"wpforms-field-label\" for=\"wpforms-852-field_26\">Wenn Sie \u201eSonstiges\u201c ausgew\u00e4hlt haben, bitten wir Sie, uns kurz zu beschreiben, worum es sich handelt.<\/label><input type=\"text\" id=\"wpforms-852-field_26\" class=\"wpforms-field-medium\" name=\"wpforms[fields][26]\" aria-errormessage=\"wpforms-852-field_26-error\" ><\/div><div id=\"wpforms-852-field_19-container\" class=\"wpforms-field wpforms-field-text\" data-field-id=\"19\"><label class=\"wpforms-field-label\" for=\"wpforms-852-field_19\">Weitere W\u00fcnsche oder Informationen, die Sie uns mitteilen m\u00f6chten:<\/label><input type=\"text\" id=\"wpforms-852-field_19\" class=\"wpforms-field-medium\" name=\"wpforms[fields][19]\" aria-errormessage=\"wpforms-852-field_19-error\" ><\/div><div id=\"wpforms-852-field_20-container\" class=\"wpforms-field wpforms-field-text\" data-field-id=\"20\"><label class=\"wpforms-field-label\" for=\"wpforms-852-field_20\">Bitte geben Sie die gew\u00fcnschte Gr\u00f6sse in m\u00b2 an:<\/label><input type=\"text\" id=\"wpforms-852-field_20\" class=\"wpforms-field-medium\" name=\"wpforms[fields][20]\" aria-errormessage=\"wpforms-852-field_20-error\" ><\/div><div id=\"wpforms-852-field_21-container\" class=\"wpforms-field wpforms-field-text\" data-field-id=\"21\"><label class=\"wpforms-field-label\" for=\"wpforms-852-field_21\">Bitte nennen Sie uns Ihren gew\u00fcnschten Preisrahmen:<\/label><input type=\"text\" id=\"wpforms-852-field_21\" class=\"wpforms-field-medium\" name=\"wpforms[fields][21]\" aria-errormessage=\"wpforms-852-field_21-error\" ><\/div><div id=\"wpforms-852-field_14-container\" class=\"wpforms-field wpforms-field-textarea\" data-field-id=\"14\"><label class=\"wpforms-field-label\" for=\"wpforms-852-field_14\">Weitere W\u00fcnsche \/ Details die Sie uns mitteilen wollen:<\/label><textarea id=\"wpforms-852-field_14\" class=\"wpforms-field-medium\" name=\"wpforms[fields][14]\" aria-errormessage=\"wpforms-852-field_14-error\" ><\/textarea><\/div><div id=\"wpforms-852-field_15-container\" class=\"wpforms-field wpforms-field-checkbox\" data-field-id=\"15\"><fieldset><legend class=\"wpforms-field-label\">Einverst\u00e4ndnis zur Kontaktaufnahme: <span class=\"wpforms-required-label\" aria-hidden=\"true\">*<\/span><\/legend><ul id=\"wpforms-852-field_15\" class=\"wpforms-field-required\"><li class=\"choice-1 depth-1\"><input type=\"checkbox\" id=\"wpforms-852-field_15_1\" name=\"wpforms[fields][15][]\" value=\"Einverstanden\" aria-errormessage=\"wpforms-852-field_15_1-error\" aria-describedby=\"wpforms-852-field_15-description\" required ><label class=\"wpforms-field-label-inline\" for=\"wpforms-852-field_15_1\">Einverstanden<\/label><\/li><\/ul><div id=\"wpforms-852-field_15-description\" class=\"wpforms-field-description\">Ich bin damit einverstanden, dass meine Daten gespeichert werden, um mich \u00fcber passende Objekte zu informieren. Ihre Daten werden vertraulich behandelt und ausschliesslich zur Bearbeitung Ihrer Anfrage verwendet.<\/div><\/fieldset><\/div><\/div><!-- .wpforms-field-container --><div class=\"wpforms-submit-container\" ><input type=\"hidden\" name=\"wpforms[id]\" value=\"852\"><input type=\"hidden\" name=\"page_title\" value=\"\"><input type=\"hidden\" name=\"page_url\" value=\"https:\/\/egle-immobilien.ch\/index.php?rest_route=\/wp\/v2\/pages\/1511\"><button type=\"submit\" name=\"wpforms[submit]\" id=\"wpforms-submit-852\" class=\"wpforms-submit\" data-alt-text=\"Sending...\" data-submit-text=\"Absenden\" aria-live=\"assertive\" value=\"wpforms-submit\">Absenden<\/button><img decoding=\"async\" src=\"https:\/\/egle-immobilien.ch\/wp-content\/plugins\/wpforms-lite\/assets\/images\/submit-spin.svg\" class=\"wpforms-submit-spinner\" style=\"display: none;\" width=\"26\" height=\"26\" alt=\"Wird geladen\"><\/div><\/form><\/div>  <!-- .wpforms-container -->\t\t\t\t<\/div>\n\t\t\t\t<\/div>\n\t\t\t\t\t<\/div>\n\t\t\t\t<\/div>\n\t\t<div class=\"elementor-element elementor-element-7756199 e-flex e-con-boxed e-con e-parent\" data-id=\"7756199\" data-element_type=\"container\" data-settings=\"{&quot;_ha_eqh_enable&quot;:false}\">\n\t\t\t\t\t<div class=\"e-con-inner\">\n\t\t\t\t\t<\/div>\n\t\t\t\t<\/div>\n\t\t\t\t<\/div>\n\t\t","protected":false},"excerpt":{"rendered":"<p>Anmeldeformular f\u00fcr Miet- oder Kaufinteressenten Bitte aktiviere JavaScript in deinem Browser, um dieses Formular fertigzustellen.Bitte aktiviere JavaScript in deinem Browser, um dieses Formular fertigzustellen. Name * VornameNachname Wohnadresse * E-Mail-Adresse * E-Mail-AdresseE-Mail best\u00e4tigen Telefonnummer * Ich interessiere mich f\u00fcr: * Mietobjekte Kaufobjekte Was suchen Sie genau? (Sie k\u00f6nnen mehrere Optionen w\u00e4hlen) * Wohnung Haus Garage [&hellip;]<\/p>\n","protected":false},"author":1,"featured_media":0,"parent":0,"menu_order":0,"comment_status":"closed","ping_status":"closed","template":"","meta":{"footnotes":""},"class_list":["post-1511","page","type-page","status-publish","hentry"],"_links":{"self":[{"href":"https:\/\/egle-immobilien.ch\/index.php?rest_route=\/wp\/v2\/pages\/1511","targetHints":{"allow":["GET"]}}],"collection":[{"href":"https:\/\/egle-immobilien.ch\/index.php?rest_route=\/wp\/v2\/pages"}],"about":[{"href":"https:\/\/egle-immobilien.ch\/index.php?rest_route=\/wp\/v2\/types\/page"}],"author":[{"embeddable":true,"href":"https:\/\/egle-immobilien.ch\/index.php?rest_route=\/wp\/v2\/users\/1"}],"replies":[{"embeddable":true,"href":"https:\/\/egle-immobilien.ch\/index.php?rest_route=%2Fwp%2Fv2%2Fcomments&post=1511"}],"version-history":[{"count":13,"href":"https:\/\/egle-immobilien.ch\/index.php?rest_route=\/wp\/v2\/pages\/1511\/revisions"}],"predecessor-version":[{"id":1993,"href":"https:\/\/egle-immobilien.ch\/index.php?rest_route=\/wp\/v2\/pages\/1511\/revisions\/1993"}],"wp:attachment":[{"href":"https:\/\/egle-immobilien.ch\/index.php?rest_route=%2Fwp%2Fv2%2Fmedia&parent=1511"}],"curies":[{"name":"wp","href":"https:\/\/api.w.org\/{rel}","templated":true}]}}