{"id":1520,"date":"2025-01-17T09:54:37","date_gmt":"2025-01-17T08:54:37","guid":{"rendered":"https:\/\/egle-immobilien.ch\/?page_id=1520"},"modified":"2025-01-20T13:06:12","modified_gmt":"2025-01-20T12:06:12","slug":"kontaktformular-fur-eigentumer-und-verwaltungen","status":"publish","type":"page","link":"https:\/\/egle-immobilien.ch\/?page_id=1520","title":{"rendered":"Kontaktformular f\u00fcr Eigent\u00fcmer und Verwaltungen"},"content":{"rendered":"\t\t<div data-elementor-type=\"wp-page\" data-elementor-id=\"1520\" class=\"elementor elementor-1520\" data-elementor-settings=\"{&quot;ha_cmc_init_switcher&quot;:&quot;no&quot;}\" data-elementor-post-type=\"page\">\n\t\t\t\t<div class=\"elementor-element elementor-element-9b45ec6 e-flex e-con-boxed e-con e-parent\" data-id=\"9b45ec6\" data-element_type=\"container\" data-settings=\"{&quot;_ha_eqh_enable&quot;:false}\">\n\t\t\t\t\t<div class=\"e-con-inner\">\n\t\t\t\t<div class=\"elementor-element elementor-element-a9c0385 elementor-widget elementor-widget-heading\" data-id=\"a9c0385\" data-element_type=\"widget\" data-widget_type=\"heading.default\">\n\t\t\t\t<div class=\"elementor-widget-container\">\n\t\t\t\t\t<h2 class=\"elementor-heading-title elementor-size-default\">Kontaktformular f\u00fcr Eigent\u00fcmer und Verwaltungen <\/h2>\t\t\t\t<\/div>\n\t\t\t\t<\/div>\n\t\t\t\t<div class=\"elementor-element elementor-element-0a3b627 elementor-widget elementor-widget-wpforms\" data-id=\"0a3b627\" data-element_type=\"widget\" data-widget_type=\"wpforms.default\">\n\t\t\t\t<div class=\"elementor-widget-container\">\n\t\t\t\t\t<style id=\"wpforms-css-vars-elementor-widget-0a3b627\">\n\t\t\t\t.elementor-widget-wpforms.elementor-element-0a3b627 {\n\t\t\t\t--wpforms-field-size-input-height: 43px;\n--wpforms-field-size-input-spacing: 15px;\n--wpforms-field-size-font-size: 16px;\n--wpforms-field-size-line-height: 19px;\n--wpforms-field-size-padding-h: 14px;\n--wpforms-field-size-checkbox-size: 16px;\n--wpforms-field-size-sublabel-spacing: 5px;\n--wpforms-field-size-icon-size: 1;\n--wpforms-label-size-font-size: 16px;\n--wpforms-label-size-line-height: 19px;\n--wpforms-label-size-sublabel-font-size: 14px;\n--wpforms-label-size-sublabel-line-height: 17px;\n--wpforms-button-size-font-size: 17px;\n--wpforms-button-size-height: 41px;\n--wpforms-button-size-padding-h: 15px;\n--wpforms-button-size-margin-top: 10px;\n\n\t\t\t}\n\t\t\t<\/style><div class=\"wpforms-container wpforms-container-full wpforms-render-modern\" id=\"wpforms-1460\"><form id=\"wpforms-form-1460\" class=\"wpforms-validate wpforms-form wpforms-ajax-form\" data-formid=\"1460\" method=\"post\" enctype=\"multipart\/form-data\" action=\"\/index.php?rest_route=%2Fwp%2Fv2%2Fpages%2F1520\" data-token=\"3beda89484a285aeef3f981014b0c75e\" data-token-time=\"1778153268\"><noscript class=\"wpforms-error-noscript\">Bitte aktiviere JavaScript in deinem Browser, um dieses Formular fertigzustellen.<\/noscript><div class=\"wpforms-hidden\" id=\"wpforms-error-noscript\">Bitte aktiviere JavaScript in deinem Browser, um dieses Formular fertigzustellen.<\/div><div class=\"wpforms-field-container\"><div id=\"wpforms-1460-field_1-container\" class=\"wpforms-field wpforms-field-name\" data-field-id=\"1\"><fieldset><legend class=\"wpforms-field-label\">Name <span class=\"wpforms-required-label\" aria-hidden=\"true\">*<\/span><\/legend><div class=\"wpforms-field-row wpforms-field-medium\"><div class=\"wpforms-field-row-block wpforms-first wpforms-one-half\"><input type=\"text\" id=\"wpforms-1460-field_1\" class=\"wpforms-field-name-first wpforms-field-required\" name=\"wpforms[fields][1][first]\" aria-errormessage=\"wpforms-1460-field_1-error\" required><label for=\"wpforms-1460-field_1\" class=\"wpforms-field-sublabel after\">Vorname<\/label><\/div><div class=\"wpforms-field-row-block wpforms-one-half\"><input type=\"text\" id=\"wpforms-1460-field_1-last\" class=\"wpforms-field-name-last wpforms-field-required\" name=\"wpforms[fields][1][last]\" aria-errormessage=\"wpforms-1460-field_1-last-error\" required><label for=\"wpforms-1460-field_1-last\" class=\"wpforms-field-sublabel after\">Nachname<\/label><\/div><\/div><\/fieldset><\/div><div id=\"wpforms-1460-field_15-container\" class=\"wpforms-field wpforms-field-text\" data-field-id=\"15\"><label class=\"wpforms-field-label\" for=\"wpforms-1460-field_15\">Kontaktadresse <span class=\"wpforms-required-label\" aria-hidden=\"true\">*<\/span><\/label><input type=\"text\" id=\"wpforms-1460-field_15\" class=\"wpforms-field-medium wpforms-field-required\" name=\"wpforms[fields][15]\" aria-errormessage=\"wpforms-1460-field_15-error\" required><\/div><div id=\"wpforms-1460-field_3-container\" class=\"wpforms-field wpforms-field-email\" data-field-id=\"3\"><fieldset><legend class=\"wpforms-field-label\">E-Mail-Adresse  <span class=\"wpforms-required-label\" aria-hidden=\"true\">*<\/span><\/legend><div class=\"wpforms-field-row wpforms-field-medium\"><div class=\"wpforms-field-row-block wpforms-one-half wpforms-first\"><input type=\"email\" id=\"wpforms-1460-field_3\" class=\"wpforms-field-required wpforms-field-email-primary\" name=\"wpforms[fields][3][primary]\" spellcheck=\"false\" aria-errormessage=\"wpforms-1460-field_3-error\" required><label for=\"wpforms-1460-field_3\" class=\"wpforms-field-sublabel after\">E-Mail-Adresse<\/label><\/div><div class=\"wpforms-field-row-block wpforms-one-half\"><input type=\"email\" id=\"wpforms-1460-field_3-secondary\" class=\"wpforms-field-email-secondary wpforms-field-required\" data-rule-confirm=\"#wpforms-1460-field_3\" name=\"wpforms[fields][3][secondary]\" spellcheck=\"false\" aria-errormessage=\"wpforms-1460-field_3-secondary-error\" required><label for=\"wpforms-1460-field_3-secondary\" class=\"wpforms-field-sublabel after\">E-Mail best\u00e4tigen<\/label><\/div><\/div><\/fieldset><\/div><div id=\"wpforms-1460-field_16-container\" class=\"wpforms-field wpforms-field-text\" data-field-id=\"16\"><label class=\"wpforms-field-label\" for=\"wpforms-1460-field_16\">Telefonnummer <span class=\"wpforms-required-label\" aria-hidden=\"true\">*<\/span><\/label><input type=\"text\" id=\"wpforms-1460-field_16\" class=\"wpforms-field-medium wpforms-field-required\" name=\"wpforms[fields][16]\" aria-errormessage=\"wpforms-1460-field_16-error\" required><\/div><div id=\"wpforms-1460-field_18-container\" class=\"wpforms-field wpforms-field-text\" data-field-id=\"18\"><label class=\"wpforms-field-label\" for=\"wpforms-1460-field_18\">Adresse des betreffendes Grundst\u00fccks \/ der Immobilie:<\/label><input type=\"text\" id=\"wpforms-1460-field_18\" class=\"wpforms-field-medium\" name=\"wpforms[fields][18]\" aria-errormessage=\"wpforms-1460-field_18-error\" ><\/div><div id=\"wpforms-1460-field_19-container\" class=\"wpforms-field wpforms-field-text\" data-field-id=\"19\"><label class=\"wpforms-field-label\" for=\"wpforms-1460-field_19\">Art der Dienstleistung, die gew\u00fcnscht wird:<\/label><input type=\"text\" id=\"wpforms-1460-field_19\" class=\"wpforms-field-medium\" name=\"wpforms[fields][19]\" aria-errormessage=\"wpforms-1460-field_19-error\" ><\/div><div id=\"wpforms-1460-field_9-container\" class=\"wpforms-field wpforms-field-checkbox\" data-field-id=\"9\"><fieldset><legend class=\"wpforms-field-label\">Art der Dienstleistung, die gew\u00fcnscht wird:<\/legend><ul id=\"wpforms-1460-field_9\"><li class=\"choice-1 depth-1\"><input type=\"checkbox\" id=\"wpforms-1460-field_9_1\" name=\"wpforms[fields][9][]\" value=\"Parkplatz- \/ Grundst\u00fcckbewirtschaftung\" aria-errormessage=\"wpforms-1460-field_9_1-error\"  ><label class=\"wpforms-field-label-inline\" for=\"wpforms-1460-field_9_1\">Parkplatz- \/ Grundst\u00fcckbewirtschaftung<\/label><\/li><li class=\"choice-2 depth-1\"><input type=\"checkbox\" id=\"wpforms-1460-field_9_2\" name=\"wpforms[fields][9][]\" value=\"Bewirtschaftung Mietliegenschaften\" aria-errormessage=\"wpforms-1460-field_9_2-error\"  ><label class=\"wpforms-field-label-inline\" for=\"wpforms-1460-field_9_2\">Bewirtschaftung Mietliegenschaften<\/label><\/li><li class=\"choice-3 depth-1\"><input type=\"checkbox\" id=\"wpforms-1460-field_9_3\" name=\"wpforms[fields][9][]\" value=\"Bewirtschaftung STWEG\" aria-errormessage=\"wpforms-1460-field_9_3-error\"  ><label class=\"wpforms-field-label-inline\" for=\"wpforms-1460-field_9_3\">Bewirtschaftung STWEG<\/label><\/li><li class=\"choice-4 depth-1\"><input type=\"checkbox\" id=\"wpforms-1460-field_9_4\" name=\"wpforms[fields][9][]\" value=\"Erstvermietung \/ Vermarktung\" aria-errormessage=\"wpforms-1460-field_9_4-error\"  ><label class=\"wpforms-field-label-inline\" for=\"wpforms-1460-field_9_4\">Erstvermietung \/ Vermarktung<\/label><\/li><li class=\"choice-5 depth-1\"><input type=\"checkbox\" id=\"wpforms-1460-field_9_5\" name=\"wpforms[fields][9][]\" value=\"Sonstiges\" aria-errormessage=\"wpforms-1460-field_9_5-error\"  ><label class=\"wpforms-field-label-inline\" for=\"wpforms-1460-field_9_5\">Sonstiges<\/label><\/li><\/ul><\/fieldset><\/div><div id=\"wpforms-1460-field_10-container\" class=\"wpforms-field wpforms-field-text\" data-field-id=\"10\"><label class=\"wpforms-field-label\" for=\"wpforms-1460-field_10\">Wenn Sie bei den Dienstleistungen \u201eSonstiges\u201c ausgew\u00e4hlt haben, bitten wir Sie, uns kurz zu beschreiben, worum es sich handelt.<\/label><input type=\"text\" id=\"wpforms-1460-field_10\" class=\"wpforms-field-medium\" name=\"wpforms[fields][10]\" aria-errormessage=\"wpforms-1460-field_10-error\" ><\/div><div id=\"wpforms-1460-field_11-container\" class=\"wpforms-field wpforms-field-text\" data-field-id=\"11\"><label class=\"wpforms-field-label\" for=\"wpforms-1460-field_11\">Bitte beschreiben Sie Ihre Anfrage oder Anforderung:<\/label><input type=\"text\" id=\"wpforms-1460-field_11\" class=\"wpforms-field-medium\" name=\"wpforms[fields][11]\" aria-errormessage=\"wpforms-1460-field_11-error\" ><\/div><div id=\"wpforms-1460-field_12-container\" class=\"wpforms-field wpforms-field-text\" data-field-id=\"12\"><label class=\"wpforms-field-label\" for=\"wpforms-1460-field_12\">Wie haben Sie von uns erfahren? <\/label><input type=\"text\" id=\"wpforms-1460-field_12\" class=\"wpforms-field-medium\" name=\"wpforms[fields][12]\" aria-errormessage=\"wpforms-1460-field_12-error\" ><\/div><div id=\"wpforms-1460-field_14-container\" class=\"wpforms-field wpforms-field-checkbox\" data-field-id=\"14\"><fieldset><legend class=\"wpforms-field-label\">Datenschutz &amp; Best\u00e4tigung:<\/legend><ul id=\"wpforms-1460-field_14\"><li class=\"choice-1 depth-1\"><input type=\"checkbox\" id=\"wpforms-1460-field_14_1\" name=\"wpforms[fields][14][]\" value=\"Ja\" aria-errormessage=\"wpforms-1460-field_14_1-error\" aria-describedby=\"wpforms-1460-field_14-description\"  ><label class=\"wpforms-field-label-inline\" for=\"wpforms-1460-field_14_1\">Ja<\/label><\/li><\/ul><div id=\"wpforms-1460-field_14-description\" class=\"wpforms-field-description\">Ich erkl\u00e4re mich damit einverstanden, dass meine Angaben zur Kl\u00e4rung des Vorfalls verwendet werden und dass die EGLE Immobilien GmbH mich f\u00fcr die weiteren Kl\u00e4rung des Falles kontaktieren darf.<\/div><\/fieldset><\/div><\/div><!-- .wpforms-field-container --><div class=\"wpforms-submit-container\" ><input type=\"hidden\" name=\"wpforms[id]\" value=\"1460\"><input type=\"hidden\" name=\"page_title\" value=\"\"><input type=\"hidden\" name=\"page_url\" value=\"https:\/\/egle-immobilien.ch\/index.php?rest_route=\/wp\/v2\/pages\/1520\"><button type=\"submit\" name=\"wpforms[submit]\" id=\"wpforms-submit-1460\" class=\"wpforms-submit\" data-alt-text=\"Wird gesendet\u00a0\u2026\" data-submit-text=\"Absenden\" aria-live=\"assertive\" value=\"wpforms-submit\">Absenden<\/button><img decoding=\"async\" src=\"https:\/\/egle-immobilien.ch\/wp-content\/plugins\/wpforms-lite\/assets\/images\/submit-spin.svg\" class=\"wpforms-submit-spinner\" style=\"display: none;\" width=\"26\" height=\"26\" alt=\"Wird geladen\"><\/div><\/form><\/div>  <!-- .wpforms-container -->\t\t\t\t<\/div>\n\t\t\t\t<\/div>\n\t\t\t\t\t<\/div>\n\t\t\t\t<\/div>\n\t\t\t\t<\/div>\n\t\t","protected":false},"excerpt":{"rendered":"<p>Kontaktformular f\u00fcr Eigent\u00fcmer und Verwaltungen Bitte aktiviere JavaScript in deinem Browser, um dieses Formular fertigzustellen.Bitte aktiviere JavaScript in deinem Browser, um dieses Formular fertigzustellen. Name * VornameNachname Kontaktadresse * E-Mail-Adresse * E-Mail-AdresseE-Mail best\u00e4tigen Telefonnummer *Adresse des betreffendes Grundst\u00fccks \/ der Immobilie:Art der Dienstleistung, die gew\u00fcnscht wird: Art der Dienstleistung, die gew\u00fcnscht wird: Parkplatz- \/ Grundst\u00fcckbewirtschaftung [&hellip;]<\/p>\n","protected":false},"author":1,"featured_media":0,"parent":0,"menu_order":0,"comment_status":"closed","ping_status":"closed","template":"","meta":{"footnotes":""},"class_list":["post-1520","page","type-page","status-publish","hentry"],"_links":{"self":[{"href":"https:\/\/egle-immobilien.ch\/index.php?rest_route=\/wp\/v2\/pages\/1520","targetHints":{"allow":["GET"]}}],"collection":[{"href":"https:\/\/egle-immobilien.ch\/index.php?rest_route=\/wp\/v2\/pages"}],"about":[{"href":"https:\/\/egle-immobilien.ch\/index.php?rest_route=\/wp\/v2\/types\/page"}],"author":[{"embeddable":true,"href":"https:\/\/egle-immobilien.ch\/index.php?rest_route=\/wp\/v2\/users\/1"}],"replies":[{"embeddable":true,"href":"https:\/\/egle-immobilien.ch\/index.php?rest_route=%2Fwp%2Fv2%2Fcomments&post=1520"}],"version-history":[{"count":19,"href":"https:\/\/egle-immobilien.ch\/index.php?rest_route=\/wp\/v2\/pages\/1520\/revisions"}],"predecessor-version":[{"id":2005,"href":"https:\/\/egle-immobilien.ch\/index.php?rest_route=\/wp\/v2\/pages\/1520\/revisions\/2005"}],"wp:attachment":[{"href":"https:\/\/egle-immobilien.ch\/index.php?rest_route=%2Fwp%2Fv2%2Fmedia&parent=1520"}],"curies":[{"name":"wp","href":"https:\/\/api.w.org\/{rel}","templated":true}]}}