{"id":275,"date":"2024-12-16T12:11:34","date_gmt":"2024-12-16T11:11:34","guid":{"rendered":"https:\/\/egle-immobilien.ch\/?page_id=275"},"modified":"2025-01-20T11:26:49","modified_gmt":"2025-01-20T10:26:49","slug":"dienstleistungen","status":"publish","type":"page","link":"https:\/\/egle-immobilien.ch\/?page_id=275","title":{"rendered":"Dienstleistungen"},"content":{"rendered":"\t\t<div data-elementor-type=\"wp-page\" data-elementor-id=\"275\" class=\"elementor elementor-275\" data-elementor-settings=\"{&quot;ha_cmc_init_switcher&quot;:&quot;no&quot;}\" data-elementor-post-type=\"page\">\n\t\t\t\t<div class=\"elementor-element elementor-element-f5913d5 e-flex e-con-boxed e-con e-parent\" data-id=\"f5913d5\" data-element_type=\"container\" data-settings=\"{&quot;background_background&quot;:&quot;classic&quot;,&quot;_ha_eqh_enable&quot;:false}\">\n\t\t\t\t\t<div class=\"e-con-inner\">\n\t\t\t\t\t<\/div>\n\t\t\t\t<\/div>\n\t\t<div class=\"elementor-element elementor-element-b38ea0a e-flex e-con-boxed e-con e-parent\" data-id=\"b38ea0a\" data-element_type=\"container\" data-settings=\"{&quot;background_background&quot;:&quot;classic&quot;,&quot;_ha_eqh_enable&quot;:false}\">\n\t\t\t\t\t<div class=\"e-con-inner\">\n\t\t<div class=\"elementor-element elementor-element-aa1189e e-con-full e-flex e-con e-child\" data-id=\"aa1189e\" data-element_type=\"container\" data-settings=\"{&quot;_ha_eqh_enable&quot;:false}\">\n\t\t\t\t<div class=\"elementor-element elementor-element-923dcf1 ha-has-bg-overlay elementor-widget elementor-widget-heading\" data-id=\"923dcf1\" data-element_type=\"widget\" data-widget_type=\"heading.default\">\n\t\t\t\t<div class=\"elementor-widget-container\">\n\t\t\t\t\t<h1 class=\"elementor-heading-title elementor-size-default\">Ihr Partner f\u00fcr eine ganzheitliche Immobilienbewirtschaftung<\/h1>\t\t\t\t<\/div>\n\t\t\t\t<\/div>\n\t\t\t\t<div class=\"elementor-element elementor-element-6b31f0a elementor-widget elementor-widget-text-editor\" data-id=\"6b31f0a\" data-element_type=\"widget\" data-widget_type=\"text-editor.default\">\n\t\t\t\t<div class=\"elementor-widget-container\">\n\t\t\t\t\t\t\t\t\tWir unterst\u00fctzen Sie in allen Bereichen der Immobilienbewirtschaftung \u2013 von der Verwaltung von Mietliegenschaften und Stockwerkeigentum \u00fcber die Erstvermietung und Vermarktung bis hin zur Parkplatz- und Grundst\u00fcckbewirtschaftung.\n\nUnser Ziel ist es, f\u00fcr klare Strukturen und eine verl\u00e4ssliche Verwaltung zu sorgen. Dabei ber\u00fccksichtigen wir die spezifischen Anforderungen Ihrer Immobilie und arbeiten effizient, transparent und l\u00f6sungsorientiert. Ob es um die Bek\u00e4mpfung von Fremdparkern, die Organisation von Eigent\u00fcmerversammlungen oder die erfolgreiche Vermarktung Ihrer Objekte geht \u2013 wir stehen Ihnen mit Erfahrung und Fachwissen zur Seite.\t\t\t\t\t\t\t\t<\/div>\n\t\t\t\t<\/div>\n\t\t\t\t<\/div>\n\t\t\t\t\t<\/div>\n\t\t\t\t<\/div>\n\t\t<div class=\"elementor-element elementor-element-c348732 e-flex e-con-boxed e-con e-parent\" data-id=\"c348732\" data-element_type=\"container\" data-settings=\"{&quot;_ha_eqh_enable&quot;:false}\">\n\t\t\t\t\t<div class=\"e-con-inner\">\n\t\t<div class=\"elementor-element elementor-element-07fca68 e-con-full e-transform e-flex e-con e-child\" data-id=\"07fca68\" data-element_type=\"container\" data-settings=\"{&quot;background_background&quot;:&quot;classic&quot;,&quot;_transform_translateX_effect_hover&quot;:{&quot;unit&quot;:&quot;px&quot;,&quot;size&quot;:0,&quot;sizes&quot;:[]},&quot;_transform_translateY_effect_hover&quot;:{&quot;unit&quot;:&quot;px&quot;,&quot;size&quot;:-5,&quot;sizes&quot;:[]},&quot;_ha_eqh_enable&quot;:false,&quot;_transform_translateX_effect_hover_tablet&quot;:{&quot;unit&quot;:&quot;px&quot;,&quot;size&quot;:&quot;&quot;,&quot;sizes&quot;:[]},&quot;_transform_translateX_effect_hover_mobile&quot;:{&quot;unit&quot;:&quot;px&quot;,&quot;size&quot;:&quot;&quot;,&quot;sizes&quot;:[]},&quot;_transform_translateY_effect_hover_tablet&quot;:{&quot;unit&quot;:&quot;px&quot;,&quot;size&quot;:&quot;&quot;,&quot;sizes&quot;:[]},&quot;_transform_translateY_effect_hover_mobile&quot;:{&quot;unit&quot;:&quot;px&quot;,&quot;size&quot;:&quot;&quot;,&quot;sizes&quot;:[]}}\">\n\t\t\t\t<div class=\"elementor-element elementor-element-4d3b6b1 elementor-widget elementor-widget-image\" data-id=\"4d3b6b1\" data-element_type=\"widget\" data-widget_type=\"image.default\">\n\t\t\t\t<div class=\"elementor-widget-container\">\n\t\t\t\t\t\t\t\t\t\t\t\t\t\t\t\t<a href=\"https:\/\/egle-immobilien.ch\/?page_id=356\">\n\t\t\t\t\t\t\t<img fetchpriority=\"high\" decoding=\"async\" width=\"612\" height=\"408\" src=\"https:\/\/egle-immobilien.ch\/wp-content\/uploads\/2025\/01\/Parking-lot-opt-2.jpg\" class=\"attachment-full size-full wp-image-1835\" alt=\"\" srcset=\"https:\/\/egle-immobilien.ch\/wp-content\/uploads\/2025\/01\/Parking-lot-opt-2.jpg 612w, https:\/\/egle-immobilien.ch\/wp-content\/uploads\/2025\/01\/Parking-lot-opt-2-300x200.jpg 300w\" sizes=\"(max-width: 612px) 100vw, 612px\" \/>\t\t\t\t\t\t\t\t<\/a>\n\t\t\t\t\t\t\t\t\t\t\t\t\t\t\t<\/div>\n\t\t\t\t<\/div>\n\t\t\t\t<div class=\"elementor-element elementor-element-e358115 elementor-widget elementor-widget-text-editor\" data-id=\"e358115\" data-element_type=\"widget\" data-widget_type=\"text-editor.default\">\n\t\t\t\t<div class=\"elementor-widget-container\">\n\t\t\t\t\t\t\t\t\t<p><strong>Parkplatz- und Grundst\u00fcckbewirtschaftung<\/strong><\/p><p><strong>\u00a0<\/strong><\/p><p>Wir \u00fcbernehmen das effiziente Management Ihrer Grundst\u00fccke \u2013 mit gezielten Massnahmen gegen Fremdparker.<\/p>\t\t\t\t\t\t\t\t<\/div>\n\t\t\t\t<\/div>\n\t\t\t\t<\/div>\n\t\t<div class=\"elementor-element elementor-element-9aba186 e-con-full e-transform e-flex e-con e-child\" data-id=\"9aba186\" data-element_type=\"container\" data-settings=\"{&quot;background_background&quot;:&quot;classic&quot;,&quot;_transform_translateY_effect_hover&quot;:{&quot;unit&quot;:&quot;px&quot;,&quot;size&quot;:-5,&quot;sizes&quot;:[]},&quot;_transform_translateX_effect_hover&quot;:{&quot;unit&quot;:&quot;px&quot;,&quot;size&quot;:0,&quot;sizes&quot;:[]},&quot;_ha_eqh_enable&quot;:false,&quot;_transform_translateX_effect_hover_tablet&quot;:{&quot;unit&quot;:&quot;px&quot;,&quot;size&quot;:&quot;&quot;,&quot;sizes&quot;:[]},&quot;_transform_translateX_effect_hover_mobile&quot;:{&quot;unit&quot;:&quot;px&quot;,&quot;size&quot;:&quot;&quot;,&quot;sizes&quot;:[]},&quot;_transform_translateY_effect_hover_tablet&quot;:{&quot;unit&quot;:&quot;px&quot;,&quot;size&quot;:&quot;&quot;,&quot;sizes&quot;:[]},&quot;_transform_translateY_effect_hover_mobile&quot;:{&quot;unit&quot;:&quot;px&quot;,&quot;size&quot;:&quot;&quot;,&quot;sizes&quot;:[]}}\">\n\t\t\t\t<div class=\"elementor-element elementor-element-e7ef413 elementor-widget elementor-widget-image\" data-id=\"e7ef413\" data-element_type=\"widget\" data-widget_type=\"image.default\">\n\t\t\t\t<div class=\"elementor-widget-container\">\n\t\t\t\t\t\t\t\t\t\t\t\t\t\t\t\t<a href=\"https:\/\/egle-immobilien.ch\/?page_id=278\">\n\t\t\t\t\t\t\t<img decoding=\"async\" width=\"2038\" height=\"942\" src=\"https:\/\/egle-immobilien.ch\/wp-content\/uploads\/2025\/01\/iStock-1357529222-e1736787342401.jpg\" class=\"attachment-full size-full wp-image-1001\" alt=\"\" srcset=\"https:\/\/egle-immobilien.ch\/wp-content\/uploads\/2025\/01\/iStock-1357529222-e1736787342401.jpg 2038w, https:\/\/egle-immobilien.ch\/wp-content\/uploads\/2025\/01\/iStock-1357529222-e1736787342401-300x139.jpg 300w, https:\/\/egle-immobilien.ch\/wp-content\/uploads\/2025\/01\/iStock-1357529222-e1736787342401-1024x473.jpg 1024w, https:\/\/egle-immobilien.ch\/wp-content\/uploads\/2025\/01\/iStock-1357529222-e1736787342401-768x355.jpg 768w, https:\/\/egle-immobilien.ch\/wp-content\/uploads\/2025\/01\/iStock-1357529222-e1736787342401-1536x710.jpg 1536w\" sizes=\"(max-width: 2038px) 100vw, 2038px\" \/>\t\t\t\t\t\t\t\t<\/a>\n\t\t\t\t\t\t\t\t\t\t\t\t\t\t\t<\/div>\n\t\t\t\t<\/div>\n\t\t\t\t<div class=\"elementor-element elementor-element-a90a7fa elementor-widget elementor-widget-text-editor\" data-id=\"a90a7fa\" data-element_type=\"widget\" data-widget_type=\"text-editor.default\">\n\t\t\t\t<div class=\"elementor-widget-container\">\n\t\t\t\t\t\t\t\t\t<p><strong>Bewirtschaftung von Mietliegenschaften<\/strong><\/p><p><strong><br><\/strong><\/p>\n<p><\/p>\n<p>Wir k\u00fcmmern uns um die komplette Verwaltung Ihrer Mietliegenschaften \u2013 zuverl\u00e4ssig und effizient.<\/p>\n<p><br><\/p>\t\t\t\t\t\t\t\t<\/div>\n\t\t\t\t<\/div>\n\t\t\t\t<\/div>\n\t\t<div class=\"elementor-element elementor-element-80b1499 e-con-full e-transform e-flex e-con e-child\" data-id=\"80b1499\" data-element_type=\"container\" data-settings=\"{&quot;background_background&quot;:&quot;classic&quot;,&quot;_transform_translateY_effect_hover&quot;:{&quot;unit&quot;:&quot;px&quot;,&quot;size&quot;:-5,&quot;sizes&quot;:[]},&quot;_transform_translateX_effect_hover&quot;:{&quot;unit&quot;:&quot;px&quot;,&quot;size&quot;:0,&quot;sizes&quot;:[]},&quot;_ha_eqh_enable&quot;:false,&quot;_transform_translateX_effect_hover_tablet&quot;:{&quot;unit&quot;:&quot;px&quot;,&quot;size&quot;:&quot;&quot;,&quot;sizes&quot;:[]},&quot;_transform_translateX_effect_hover_mobile&quot;:{&quot;unit&quot;:&quot;px&quot;,&quot;size&quot;:&quot;&quot;,&quot;sizes&quot;:[]},&quot;_transform_translateY_effect_hover_tablet&quot;:{&quot;unit&quot;:&quot;px&quot;,&quot;size&quot;:&quot;&quot;,&quot;sizes&quot;:[]},&quot;_transform_translateY_effect_hover_mobile&quot;:{&quot;unit&quot;:&quot;px&quot;,&quot;size&quot;:&quot;&quot;,&quot;sizes&quot;:[]}}\">\n\t\t\t\t<div class=\"elementor-element elementor-element-fe9ef1a elementor-widget elementor-widget-image\" data-id=\"fe9ef1a\" data-element_type=\"widget\" data-widget_type=\"image.default\">\n\t\t\t\t<div class=\"elementor-widget-container\">\n\t\t\t\t\t\t\t\t\t\t\t\t\t\t\t\t<a href=\"https:\/\/egle-immobilien.ch\/?page_id=279\">\n\t\t\t\t\t\t\t<img decoding=\"async\" width=\"2120\" height=\"1032\" src=\"https:\/\/egle-immobilien.ch\/wp-content\/uploads\/2025\/01\/iStock-1412736968-e1736787941111.jpg\" class=\"attachment-full size-full wp-image-999\" alt=\"\" srcset=\"https:\/\/egle-immobilien.ch\/wp-content\/uploads\/2025\/01\/iStock-1412736968-e1736787941111.jpg 2120w, https:\/\/egle-immobilien.ch\/wp-content\/uploads\/2025\/01\/iStock-1412736968-e1736787941111-300x146.jpg 300w, https:\/\/egle-immobilien.ch\/wp-content\/uploads\/2025\/01\/iStock-1412736968-e1736787941111-1024x498.jpg 1024w, https:\/\/egle-immobilien.ch\/wp-content\/uploads\/2025\/01\/iStock-1412736968-e1736787941111-768x374.jpg 768w, https:\/\/egle-immobilien.ch\/wp-content\/uploads\/2025\/01\/iStock-1412736968-e1736787941111-1536x748.jpg 1536w, https:\/\/egle-immobilien.ch\/wp-content\/uploads\/2025\/01\/iStock-1412736968-e1736787941111-2048x997.jpg 2048w\" sizes=\"(max-width: 2120px) 100vw, 2120px\" \/>\t\t\t\t\t\t\t\t<\/a>\n\t\t\t\t\t\t\t\t\t\t\t\t\t\t\t<\/div>\n\t\t\t\t<\/div>\n\t\t\t\t<div class=\"elementor-element elementor-element-22ff5cb elementor-widget elementor-widget-text-editor\" data-id=\"22ff5cb\" data-element_type=\"widget\" data-widget_type=\"text-editor.default\">\n\t\t\t\t<div class=\"elementor-widget-container\">\n\t\t\t\t\t\t\t\t\t<p><strong style=\"color: var( --e-global-color-7117d00 ); background-color: var( --e-global-color-primary );\">Bewirtschaftung von Stockwerkeigentum<\/strong><\/p>\n<p><strong><br><\/strong><\/p>\n<p><\/p>\n<p>Wir f\u00fchren Ihre STWEG professionell \u2013 kompetent in allen administrativen und technischen Belangen.<\/p><p><br><\/p>\t\t\t\t\t\t\t\t<\/div>\n\t\t\t\t<\/div>\n\t\t\t\t<\/div>\n\t\t<div class=\"elementor-element elementor-element-14c8ab9 e-con-full e-transform e-flex e-con e-child\" data-id=\"14c8ab9\" data-element_type=\"container\" data-settings=\"{&quot;background_background&quot;:&quot;classic&quot;,&quot;_transform_translateY_effect_hover&quot;:{&quot;unit&quot;:&quot;px&quot;,&quot;size&quot;:-5,&quot;sizes&quot;:[]},&quot;_transform_translateX_effect_hover&quot;:{&quot;unit&quot;:&quot;px&quot;,&quot;size&quot;:0,&quot;sizes&quot;:[]},&quot;_ha_eqh_enable&quot;:false,&quot;_transform_translateX_effect_hover_tablet&quot;:{&quot;unit&quot;:&quot;px&quot;,&quot;size&quot;:&quot;&quot;,&quot;sizes&quot;:[]},&quot;_transform_translateX_effect_hover_mobile&quot;:{&quot;unit&quot;:&quot;px&quot;,&quot;size&quot;:&quot;&quot;,&quot;sizes&quot;:[]},&quot;_transform_translateY_effect_hover_tablet&quot;:{&quot;unit&quot;:&quot;px&quot;,&quot;size&quot;:&quot;&quot;,&quot;sizes&quot;:[]},&quot;_transform_translateY_effect_hover_mobile&quot;:{&quot;unit&quot;:&quot;px&quot;,&quot;size&quot;:&quot;&quot;,&quot;sizes&quot;:[]}}\">\n\t\t\t\t<div class=\"elementor-element elementor-element-dc3387d elementor-widget elementor-widget-image\" data-id=\"dc3387d\" data-element_type=\"widget\" data-widget_type=\"image.default\">\n\t\t\t\t<div class=\"elementor-widget-container\">\n\t\t\t\t\t\t\t\t\t\t\t\t\t\t\t\t<a href=\"https:\/\/egle-immobilien.ch\/?page_id=357\">\n\t\t\t\t\t\t\t<img loading=\"lazy\" decoding=\"async\" width=\"2121\" height=\"1414\" src=\"https:\/\/egle-immobilien.ch\/wp-content\/uploads\/2025\/01\/iStock-1302150641.jpg\" class=\"attachment-full size-full wp-image-1469\" alt=\"\" srcset=\"https:\/\/egle-immobilien.ch\/wp-content\/uploads\/2025\/01\/iStock-1302150641.jpg 2121w, https:\/\/egle-immobilien.ch\/wp-content\/uploads\/2025\/01\/iStock-1302150641-300x200.jpg 300w, https:\/\/egle-immobilien.ch\/wp-content\/uploads\/2025\/01\/iStock-1302150641-1024x683.jpg 1024w, https:\/\/egle-immobilien.ch\/wp-content\/uploads\/2025\/01\/iStock-1302150641-768x512.jpg 768w, https:\/\/egle-immobilien.ch\/wp-content\/uploads\/2025\/01\/iStock-1302150641-1536x1024.jpg 1536w, https:\/\/egle-immobilien.ch\/wp-content\/uploads\/2025\/01\/iStock-1302150641-2048x1365.jpg 2048w\" sizes=\"(max-width: 2121px) 100vw, 2121px\" \/>\t\t\t\t\t\t\t\t<\/a>\n\t\t\t\t\t\t\t\t\t\t\t\t\t\t\t<\/div>\n\t\t\t\t<\/div>\n\t\t\t\t<div class=\"elementor-element elementor-element-e272385 elementor-widget elementor-widget-text-editor\" data-id=\"e272385\" data-element_type=\"widget\" data-widget_type=\"text-editor.default\">\n\t\t\t\t<div class=\"elementor-widget-container\">\n\t\t\t\t\t\t\t\t\t<p><strong>Erstvermietung und\u00a0<br \/><\/strong><strong style=\"color: var( --e-global-color-7117d00 ); background-color: var( --e-global-color-primary );\">Vermarktung<\/strong><\/p><p>\u00a0<\/p><p>Wir bringen Ihr Objekt erfolgreich auf den Markt \u2013 von der Mietzinsbestimmung \u00fcber Besichtigungen bis hin zur professionellen \u00dcbergabe.<\/p>\t\t\t\t\t\t\t\t<\/div>\n\t\t\t\t<\/div>\n\t\t\t\t<\/div>\n\t\t\t\t\t<\/div>\n\t\t\t\t<\/div>\n\t\t\t\t<\/div>\n\t\t","protected":false},"excerpt":{"rendered":"<p>Ihr Partner f\u00fcr eine ganzheitliche Immobilienbewirtschaftung Wir unterst\u00fctzen Sie in allen Bereichen der Immobilienbewirtschaftung \u2013 von der Verwaltung von Mietliegenschaften und Stockwerkeigentum \u00fcber die Erstvermietung und Vermarktung bis hin zur Parkplatz- und Grundst\u00fcckbewirtschaftung. Unser Ziel ist es, f\u00fcr klare Strukturen und eine verl\u00e4ssliche Verwaltung zu sorgen. Dabei ber\u00fccksichtigen wir die spezifischen Anforderungen Ihrer Immobilie und [&hellip;]<\/p>\n","protected":false},"author":1,"featured_media":0,"parent":0,"menu_order":0,"comment_status":"closed","ping_status":"closed","template":"elementor_header_footer","meta":{"footnotes":""},"class_list":["post-275","page","type-page","status-publish","hentry"],"_links":{"self":[{"href":"https:\/\/egle-immobilien.ch\/index.php?rest_route=\/wp\/v2\/pages\/275","targetHints":{"allow":["GET"]}}],"collection":[{"href":"https:\/\/egle-immobilien.ch\/index.php?rest_route=\/wp\/v2\/pages"}],"about":[{"href":"https:\/\/egle-immobilien.ch\/index.php?rest_route=\/wp\/v2\/types\/page"}],"author":[{"embeddable":true,"href":"https:\/\/egle-immobilien.ch\/index.php?rest_route=\/wp\/v2\/users\/1"}],"replies":[{"embeddable":true,"href":"https:\/\/egle-immobilien.ch\/index.php?rest_route=%2Fwp%2Fv2%2Fcomments&post=275"}],"version-history":[{"count":79,"href":"https:\/\/egle-immobilien.ch\/index.php?rest_route=\/wp\/v2\/pages\/275\/revisions"}],"predecessor-version":[{"id":1940,"href":"https:\/\/egle-immobilien.ch\/index.php?rest_route=\/wp\/v2\/pages\/275\/revisions\/1940"}],"wp:attachment":[{"href":"https:\/\/egle-immobilien.ch\/index.php?rest_route=%2Fwp%2Fv2%2Fmedia&parent=275"}],"curies":[{"name":"wp","href":"https:\/\/api.w.org\/{rel}","templated":true}]}}