{"id":282,"date":"2024-12-16T12:11:34","date_gmt":"2024-12-16T11:11:34","guid":{"rendered":"https:\/\/egle-immobilien.ch\/?page_id=282"},"modified":"2025-01-22T16:55:26","modified_gmt":"2025-01-22T15:55:26","slug":"fremdparker","status":"publish","type":"page","link":"https:\/\/egle-immobilien.ch\/?page_id=282","title":{"rendered":"Fremdparker"},"content":{"rendered":"\t\t<div data-elementor-type=\"wp-page\" data-elementor-id=\"282\" class=\"elementor elementor-282\" data-elementor-settings=\"{&quot;ha_cmc_init_switcher&quot;:&quot;no&quot;}\" data-elementor-post-type=\"page\">\n\t\t\t\t<div class=\"elementor-element elementor-element-6efef2c e-flex e-con-boxed e-con e-parent\" data-id=\"6efef2c\" data-element_type=\"container\" data-settings=\"{&quot;background_background&quot;:&quot;classic&quot;,&quot;_ha_eqh_enable&quot;:false}\">\n\t\t\t\t\t<div class=\"e-con-inner\">\n\t\t\t\t\t<\/div>\n\t\t\t\t<\/div>\n\t\t<div class=\"elementor-element elementor-element-bdc8835 e-flex e-con-boxed e-con e-parent\" data-id=\"bdc8835\" data-element_type=\"container\" data-settings=\"{&quot;_ha_eqh_enable&quot;:false}\">\n\t\t\t\t\t<div class=\"e-con-inner\">\n\t\t\t\t<div class=\"elementor-element elementor-element-4a08b8e elementor-widget elementor-widget-heading\" data-id=\"4a08b8e\" data-element_type=\"widget\" data-widget_type=\"heading.default\">\n\t\t\t\t<div class=\"elementor-widget-container\">\n\t\t\t\t\t<h1 class=\"elementor-heading-title elementor-size-default\">Fremdparker - Haben Sie eine Umtriebsentsch\u00e4digung oder einen Strafbefehl erhalten? So geht\u2019s weiter.<\/h1>\t\t\t\t<\/div>\n\t\t\t\t<\/div>\n\t\t\t\t<div class=\"elementor-element elementor-element-2e67344 elementor-widget elementor-widget-text-editor\" data-id=\"2e67344\" data-element_type=\"widget\" data-widget_type=\"text-editor.default\">\n\t\t\t\t<div class=\"elementor-widget-container\">\n\t\t\t\t\t\t\t\t\t<p>Wenn Sie eine Umtriebsentsch\u00e4digung oder einen Strafbefehl aufgrund unbefugten Parkens oder der missbr\u00e4uchlichen Nutzung eines Grundst\u00fccks erhalten haben, finden Sie hier alle wichtigen Informationen und die n\u00e4chsten Schritte, die Sie unternehmen k\u00f6nnen.<\/p><p>\u00a0<\/p><p><strong>Umtriebsentsch\u00e4digung<\/strong><\/p><p>Die Umtriebsentsch\u00e4digung dient dazu, die Kosten zu decken, die durch unbefugtes Parken oder die missbr\u00e4uchliche Nutzung eines Grundst\u00fccks entstanden sind.<\/p><ul><li><strong>Zahlung:<\/strong> Alle notwendigen Zahlungsinformationen finden Sie auf dem Kontrollzettel, den Sie erhalten haben. Um zus\u00e4tzliche Kosten oder rechtliche Schritte zu vermeiden, bitten wir Sie, den Betrag innerhalb der angegebenen Frist zu begleichen. <strong>Wichtig:<\/strong>\u00a0Bitte geben Sie bei der \u00dcberweisung unbedingt die Kontrollzettelnummer oder das Autokennzeichen als Vermerk an. Fehlt dieser Vermerk, kann die Zahlung nicht korrekt der richtigen Umtriebsentsch\u00e4digung zugeordnet werden. In diesem Fall bleibt die Zahlung in unserem System als \u201eunbeglichen\u201c und es k\u00f6nnen zus\u00e4tzliche Kosten oder rechtliche Schritte erforderlich sein, um das Problem zu kl\u00e4ren.<\/li><li><strong>Widerspruch:<\/strong> Sollten Sie der Meinung sein, dass die Umtriebsentsch\u00e4digung nicht gerechtfertigt ist, haben Sie die M\u00f6glichkeit, Widerspruch einzulegen. Eine R\u00fccknahme der Entsch\u00e4digung erfolgt jedoch nur unter bestimmten rechtlichen Voraussetzungen. Wir pr\u00fcfen den Fall sorgf\u00e4ltig<br \/>und setzen uns mit Ihnen in Verbindung, um den Sachverhalt zu kl\u00e4ren.<\/li><\/ul><p>\u00a0<\/p><p><strong>Strafbefehl<\/strong><\/p><p>Falls Sie einen Strafbefehl erhalten haben, m\u00f6chten wir Sie auf die folgenden Optionen hinweisen:<\/p><ul><li><strong>Aussergerichtliche Einigung:<\/strong> Auch nach einem Strafbefehl besteht die M\u00f6glichkeit einer aussergerichtlichen Einigung. Diese ist freiwillig und bedarf der Zustimmung beider Parteien.\u00a0Sollte eine einvernehmliche Einigung erzielt werden, \u00fcbernehmen Sie die Mehraufwandskosten f\u00fcr die<br \/>zus\u00e4tzliche Bearbeitung. Die Umtriebsentsch\u00e4digung bleibt in diesem Fall weiterhin f\u00e4llig, sofern diese noch nicht beglichen wurde.<\/li><li><strong>R\u00fccknahme des Strafbefehls:<\/strong> Ein R\u00fcckzug des Strafbefehls ist nur innerhalb der gesetzlich festgelegten Fristen und unter bestimmten Voraussetzungen m\u00f6glich. Wenn auf Fotos oder anderen Beweismaterialien weitere strafrechtliche Verst\u00f6sse erkennbar sind, kann der<br \/>Strafbefehl nicht\u00a0 oder nur teilweise zur\u00fcckgezogen werden.<\/li><\/ul><p>\u00a0<\/p><p><strong>Fristen und rechtliche Grundlagen<\/strong><\/p><p>Bitte achten Sie darauf, dass sowohl der Widerspruch gegen die Umtriebsentsch\u00e4digung als auch der Einspruch gegen den Strafbefehl innerhalb der gesetzlich festgelegten Fristen erfolgen m\u00fcssen. Nach Ablauf dieser Fristen k\u00f6nnen die Umtriebsentsch\u00e4digung oder der Strafbefehl in der Regel nicht mehr ge\u00e4ndert werden. Um m\u00f6gliche Konsequenzen zu vermeiden, pr\u00fcfen Sie die Fristen genau und wenden Sie sich rechtzeitig an uns.<\/p><p>\u00a0<\/p><p><strong>Verantwortung und Haftung<\/strong><\/p><p>Bitte beachten Sie, dass Sie daf\u00fcr verantwortlich sind, die Umtriebsentsch\u00e4digung fristgerecht zu bezahlen und gegebenenfalls rechtzeitig Widerspruch einzulegen. Sollte die Zahlung aufgrund eines fehlenden Vermerks nicht korrekt zugeordnet werden oder eine Frist vers\u00e4umt werden, k\u00f6nnen zus\u00e4tzliche Kosten oder rechtliche Schritte erforderlich werden, die vermieden werden k\u00f6nnen, wenn alle Angaben korrekt und fristgerecht erfolgen.<\/p><p>\u00a0<\/p><p><strong>Rechtliche Grundlagen und AGBs<\/strong><\/p><p>Die rechtliche Grundlage f\u00fcr die Erhebung der Umtriebsentsch\u00e4digung sowie die weiteren Schritte ergibt sich aus unseren <a href=\"https:\/\/egle-immobilien.ch\/?page_id=2105\">Allgemeinen Gesch\u00e4ftsbedingungen<\/a> (AGBs). Diese enthalten alle relevanten Regelungen und Informationen und sind auf unserer Website einsehbar. Bitte lesen Sie diese aufmerksam durch, da sie die Grundlage f\u00fcr unsere Massnahmen bilden.<\/p><p>\u00a0<\/p><p><strong>Rechtliche Beratung<\/strong><\/p><p>Wenn Sie unsicher sind oder rechtliche Fragen zu Ihrem Fall haben, empfehlen wir, einen Anwalt oder eine entsprechende Fachstelle zu Rate zu ziehen. Wir k\u00f6nnen keine rechtliche Beratung bieten, sondern Ihnen lediglich Informationen und Klarheit zu den n\u00e4chsten Schritten aus unserer Sicht geben.<\/p><p>\u00a0<\/p><p><strong>Datenschutz<\/strong><\/p><p>Ihre pers\u00f6nlichen Daten werden ausschliesslich zur Bearbeitung Ihres Falls verwendet und nicht an Dritte weitergegeben, es sei denn, dies ist notwendig. Weitere Informationen zum Datenschutz finden Sie in unserer\u00a0<a href=\"https:\/\/egle-immobilien.ch\/?page_id=1705\">Datenschutzerkl\u00e4rung<\/a>.<\/p><p>\u00a0<\/p><p><strong>Kontakt<\/strong><\/p><p>F\u00fcr R\u00fcckfragen oder zur Kl\u00e4rung Ihres Falls bitten wir Sie, ausschliesslich unser Kontaktformular zu verwenden. Nur so k\u00f6nnen wir Ihre Anfrage schnell und korrekt bearbeiten.<\/p>\t\t\t\t\t\t\t\t<\/div>\n\t\t\t\t<\/div>\n\t\t<div class=\"elementor-element elementor-element-6ec4113 e-con-full e-flex e-con e-child\" data-id=\"6ec4113\" data-element_type=\"container\" data-settings=\"{&quot;_ha_eqh_enable&quot;:false}\">\n\t\t\t\t<div class=\"elementor-element elementor-element-f4eb7b0 elementor-mobile-align-justify elementor-widget__width-auto elementor-widget elementor-widget-button\" data-id=\"f4eb7b0\" data-element_type=\"widget\" data-widget_type=\"button.default\">\n\t\t\t\t<div class=\"elementor-widget-container\">\n\t\t\t\t\t\t\t\t\t<div class=\"elementor-button-wrapper\">\n\t\t\t\t\t<a class=\"elementor-button elementor-button-link elementor-size-sm elementor-animation-grow\" href=\"https:\/\/egle-immobilien.ch\/?page_id=1525\">\n\t\t\t\t\t\t<span class=\"elementor-button-content-wrapper\">\n\t\t\t\t\t\t\t\t\t<span class=\"elementor-button-text\">Umtriebsentsch\u00e4digung \/ Strafbefehl<\/span>\n\t\t\t\t\t<\/span>\n\t\t\t\t\t<\/a>\n\t\t\t\t<\/div>\n\t\t\t\t\t\t\t\t<\/div>\n\t\t\t\t<\/div>\n\t\t\t\t<\/div>\n\t\t\t\t\t<\/div>\n\t\t\t\t<\/div>\n\t\t\t\t<\/div>\n\t\t","protected":false},"excerpt":{"rendered":"<p>Fremdparker &#8211; Haben Sie eine Umtriebsentsch\u00e4digung oder einen Strafbefehl erhalten? So geht\u2019s weiter. Wenn Sie eine Umtriebsentsch\u00e4digung oder einen Strafbefehl aufgrund unbefugten Parkens oder der missbr\u00e4uchlichen Nutzung eines Grundst\u00fccks erhalten haben, finden Sie hier alle wichtigen Informationen und die n\u00e4chsten Schritte, die Sie unternehmen k\u00f6nnen. \u00a0 Umtriebsentsch\u00e4digung Die Umtriebsentsch\u00e4digung dient dazu, die Kosten zu decken, [&hellip;]<\/p>\n","protected":false},"author":1,"featured_media":0,"parent":0,"menu_order":0,"comment_status":"closed","ping_status":"closed","template":"elementor_header_footer","meta":{"footnotes":""},"class_list":["post-282","page","type-page","status-publish","hentry"],"_links":{"self":[{"href":"https:\/\/egle-immobilien.ch\/index.php?rest_route=\/wp\/v2\/pages\/282","targetHints":{"allow":["GET"]}}],"collection":[{"href":"https:\/\/egle-immobilien.ch\/index.php?rest_route=\/wp\/v2\/pages"}],"about":[{"href":"https:\/\/egle-immobilien.ch\/index.php?rest_route=\/wp\/v2\/types\/page"}],"author":[{"embeddable":true,"href":"https:\/\/egle-immobilien.ch\/index.php?rest_route=\/wp\/v2\/users\/1"}],"replies":[{"embeddable":true,"href":"https:\/\/egle-immobilien.ch\/index.php?rest_route=%2Fwp%2Fv2%2Fcomments&post=282"}],"version-history":[{"count":103,"href":"https:\/\/egle-immobilien.ch\/index.php?rest_route=\/wp\/v2\/pages\/282\/revisions"}],"predecessor-version":[{"id":2124,"href":"https:\/\/egle-immobilien.ch\/index.php?rest_route=\/wp\/v2\/pages\/282\/revisions\/2124"}],"wp:attachment":[{"href":"https:\/\/egle-immobilien.ch\/index.php?rest_route=%2Fwp%2Fv2%2Fmedia&parent=282"}],"curies":[{"name":"wp","href":"https:\/\/api.w.org\/{rel}","templated":true}]}}