{"id":283,"date":"2024-12-16T12:11:34","date_gmt":"2024-12-16T11:11:34","guid":{"rendered":"https:\/\/egle-immobilien.ch\/?page_id=283"},"modified":"2025-01-20T10:58:22","modified_gmt":"2025-01-20T09:58:22","slug":"unsere-philosophie","status":"publish","type":"page","link":"https:\/\/egle-immobilien.ch\/?page_id=283","title":{"rendered":"Unsere Philosophie"},"content":{"rendered":"\t\t<div data-elementor-type=\"wp-page\" data-elementor-id=\"283\" class=\"elementor elementor-283\" data-elementor-settings=\"{&quot;ha_cmc_init_switcher&quot;:&quot;no&quot;}\" data-elementor-post-type=\"page\">\n\t\t\t\t<div class=\"elementor-element elementor-element-b4f7f4c e-flex e-con-boxed e-con e-parent\" data-id=\"b4f7f4c\" data-element_type=\"container\" data-settings=\"{&quot;background_background&quot;:&quot;classic&quot;,&quot;_ha_eqh_enable&quot;:false}\">\n\t\t\t\t\t<div class=\"e-con-inner\">\n\t\t\t\t\t<\/div>\n\t\t\t\t<\/div>\n\t\t<div class=\"elementor-element elementor-element-8d72a41 e-flex e-con-boxed e-con e-parent\" data-id=\"8d72a41\" data-element_type=\"container\" data-settings=\"{&quot;_ha_eqh_enable&quot;:false}\">\n\t\t\t\t\t<div class=\"e-con-inner\">\n\t\t\t\t<div class=\"elementor-element elementor-element-59ec16a elementor-widget elementor-widget-heading\" data-id=\"59ec16a\" data-element_type=\"widget\" data-widget_type=\"heading.default\">\n\t\t\t\t<div class=\"elementor-widget-container\">\n\t\t\t\t\t<h1 class=\"elementor-heading-title elementor-size-default\">Unsere Philosophie \u2013 Mehr als nur Bewirtschaftung<\/h1>\t\t\t\t<\/div>\n\t\t\t\t<\/div>\n\t\t\t\t<div class=\"elementor-element elementor-element-555e9f0 elementor-widget elementor-widget-text-editor\" data-id=\"555e9f0\" data-element_type=\"widget\" data-widget_type=\"text-editor.default\">\n\t\t\t\t<div class=\"elementor-widget-container\">\n\t\t\t\t\t\t\t\t\t<p>Die EGLE Immobilien GmbH wurde mit dem Ziel gegr\u00fcndet, eine umfassende L\u00f6sung f\u00fcr die Parkplatz-, Grundst\u00fcck- und Immobilienbewirtschaftung anzubieten. Unser Fokus liegt darauf, Eigent\u00fcmer bei der optimalen Nutzung und nachhaltigen Bewirtschaftung ihrer Immobilien, Grundst\u00fccke und Parkfl\u00e4chen zu unterst\u00fctzen.<\/p><p>Neben der professionellen Bewirtschaftung von Parkfl\u00e4chen konzentrieren wir uns auf die Bewirtschaftung von Grundst\u00fccken, die nicht als Parkpl\u00e4tze vorgesehen sind, jedoch oft zweckentfremdet genutzt werden. H\u00e4ufig entstehen dabei Probleme wie Fremdparker, ineffiziente Nutzung oder rechtliche Konflikte. Wir bieten gezielte L\u00f6sungen, um diese Herausforderungen effektiv zu meistern \u2013 von der Beantragung von Parkverboten \u00fcber das Einfordern von Umtriebsentsch\u00e4digungen bis hin zu rechtlichen Schritten wie Strafantr\u00e4gen oder Betreibungen.<\/p><p>Was uns einzigartig macht, ist die Kombination aus Parkplatzbewirtschaftung, Grundst\u00fcckbewirtschaftung, Bewirtschaftung von Mietliegenschaften, Verwaltung von Stockwerkeigentum sowie der Erstvermietung und Vermarktung von Immobilien. Wir verstehen die vielseitigen Anforderungen unserer Kunden und entwickeln massgeschneiderte L\u00f6sungen, die genau auf deren Bed\u00fcrfnisse zugeschnitten sind.<\/p><p>Unsere Werte basieren auf Verl\u00e4sslichkeit, Rechtssicherheit und einer individuellen Betreuung. Wir stellen sicher, dass alle Fl\u00e4chen \u2013 ob Parkpl\u00e4tze, Grundst\u00fccke oder Immobilien \u2013 optimal genutzt und langfristig im Wert erhalten bleiben. Die EGLE Immobilien GmbH ist Ihr vertrauensw\u00fcrdiger Partner in der Zentralschweiz f\u00fcr eine professionelle und nachhaltige Bewirtschaftung.<\/p>\t\t\t\t\t\t\t\t<\/div>\n\t\t\t\t<\/div>\n\t\t\t\t\t<\/div>\n\t\t\t\t<\/div>\n\t\t\t\t<\/div>\n\t\t","protected":false},"excerpt":{"rendered":"<p>Unsere Philosophie \u2013 Mehr als nur Bewirtschaftung Die EGLE Immobilien GmbH wurde mit dem Ziel gegr\u00fcndet, eine umfassende L\u00f6sung f\u00fcr die Parkplatz-, Grundst\u00fcck- und Immobilienbewirtschaftung anzubieten. Unser Fokus liegt darauf, Eigent\u00fcmer bei der optimalen Nutzung und nachhaltigen Bewirtschaftung ihrer Immobilien, Grundst\u00fccke und Parkfl\u00e4chen zu unterst\u00fctzen. Neben der professionellen Bewirtschaftung von Parkfl\u00e4chen konzentrieren wir uns auf [&hellip;]<\/p>\n","protected":false},"author":1,"featured_media":0,"parent":0,"menu_order":0,"comment_status":"closed","ping_status":"closed","template":"elementor_header_footer","meta":{"footnotes":""},"class_list":["post-283","page","type-page","status-publish","hentry"],"_links":{"self":[{"href":"https:\/\/egle-immobilien.ch\/index.php?rest_route=\/wp\/v2\/pages\/283","targetHints":{"allow":["GET"]}}],"collection":[{"href":"https:\/\/egle-immobilien.ch\/index.php?rest_route=\/wp\/v2\/pages"}],"about":[{"href":"https:\/\/egle-immobilien.ch\/index.php?rest_route=\/wp\/v2\/types\/page"}],"author":[{"embeddable":true,"href":"https:\/\/egle-immobilien.ch\/index.php?rest_route=\/wp\/v2\/users\/1"}],"replies":[{"embeddable":true,"href":"https:\/\/egle-immobilien.ch\/index.php?rest_route=%2Fwp%2Fv2%2Fcomments&post=283"}],"version-history":[{"count":37,"href":"https:\/\/egle-immobilien.ch\/index.php?rest_route=\/wp\/v2\/pages\/283\/revisions"}],"predecessor-version":[{"id":1896,"href":"https:\/\/egle-immobilien.ch\/index.php?rest_route=\/wp\/v2\/pages\/283\/revisions\/1896"}],"wp:attachment":[{"href":"https:\/\/egle-immobilien.ch\/index.php?rest_route=%2Fwp%2Fv2%2Fmedia&parent=283"}],"curies":[{"name":"wp","href":"https:\/\/api.w.org\/{rel}","templated":true}]}}