{"id":356,"date":"2024-12-16T14:43:00","date_gmt":"2024-12-16T13:43:00","guid":{"rendered":"https:\/\/egle-immobilien.ch\/?page_id=356"},"modified":"2025-01-20T11:32:12","modified_gmt":"2025-01-20T10:32:12","slug":"parkplatz-grundstuckbewirtschaftung","status":"publish","type":"page","link":"https:\/\/egle-immobilien.ch\/?page_id=356","title":{"rendered":"Parkplatz- \/ Grundst\u00fcckbewirtschaftung"},"content":{"rendered":"\t\t<div data-elementor-type=\"wp-page\" data-elementor-id=\"356\" class=\"elementor elementor-356\" data-elementor-settings=\"{&quot;ha_cmc_init_switcher&quot;:&quot;no&quot;}\" data-elementor-post-type=\"page\">\n\t\t\t\t<div class=\"elementor-element elementor-element-55398e0 e-flex e-con-boxed e-con e-parent\" data-id=\"55398e0\" data-element_type=\"container\" data-settings=\"{&quot;background_background&quot;:&quot;classic&quot;,&quot;_ha_eqh_enable&quot;:false}\">\n\t\t\t\t\t<div class=\"e-con-inner\">\n\t\t\t\t\t<\/div>\n\t\t\t\t<\/div>\n\t\t<div class=\"elementor-element elementor-element-fd3e33b e-flex e-con-boxed e-con e-parent\" data-id=\"fd3e33b\" data-element_type=\"container\" data-settings=\"{&quot;background_background&quot;:&quot;classic&quot;,&quot;_ha_eqh_enable&quot;:false}\">\n\t\t\t\t\t<div class=\"e-con-inner\">\n\t\t<div class=\"elementor-element elementor-element-b85591d e-con-full e-flex e-con e-child\" data-id=\"b85591d\" data-element_type=\"container\" data-settings=\"{&quot;_ha_eqh_enable&quot;:false}\">\n\t\t\t\t<div class=\"elementor-element elementor-element-e295014 ha-has-bg-overlay elementor-widget elementor-widget-heading\" data-id=\"e295014\" data-element_type=\"widget\" data-widget_type=\"heading.default\">\n\t\t\t\t<div class=\"elementor-widget-container\">\n\t\t\t\t\t<h1 class=\"elementor-heading-title elementor-size-default\">Parkplatz- und Grundst\u00fcckbewirtschaftung \u2013 Ihre Fl\u00e4chen in besten H\u00e4nden<\/h1>\t\t\t\t<\/div>\n\t\t\t\t<\/div>\n\t\t\t\t<div class=\"elementor-element elementor-element-b3e175d elementor-widget elementor-widget-text-editor\" data-id=\"b3e175d\" data-element_type=\"widget\" data-widget_type=\"text-editor.default\">\n\t\t\t\t<div class=\"elementor-widget-container\">\n\t\t\t\t\t\t\t\t\t<p>Unbefugtes Parkieren und blockierte Fl\u00e4chen k\u00f6nnen unn\u00f6tige Kosten und Konflikte verursachen. Mit unserer professionellen Parkplatz- und Grundst\u00fcckbewirtschaftung stellen wir sicher, dass Ihre Fl\u00e4chen effizient und gesetzeskonform genutzt werden.<\/p><p>\u00a0<\/p><p><strong>Unsere Leistungen im \u00dcberblick:<\/strong><\/p><ul><li><strong>Rechtssichere Beschilderung und klare Regeln:<\/strong> Wir k\u00fcmmern uns um gesetzeskonforme Beschilderungen und schaffen eine transparente Nutzung Ihrer Fl\u00e4chen.<\/li><li><strong>Regelm\u00e4ssige Kontrollen:<\/strong> Unsere Teams pr\u00fcfen Ihre Fl\u00e4chen in festgelegten Intervallen, dokumentieren Verst\u00f6sse und kl\u00e4ren weitere Schritte mit Ihnen ab.<\/li><li><strong>Durchsetzung Ihrer Anspr\u00fcche:<\/strong> Von Nutzungsgeb\u00fchren \u00fcber Entsch\u00e4digungen bis hin zu rechtlichen Verfahren setzen wir Ihre Anspr\u00fcche konsequent durch.<\/li><li><strong>Effizientes Forderungsmanagement:<\/strong> Wir \u00fcbernehmen die Verwaltung und Durchsetzung von Forderungen \u2013 auch bei Bedarf in gerichtlichen Verfahren \u2013 in enger Abstimmung mit Ihnen.<\/li><li><strong>Kl\u00e4rung bei blockierten Fl\u00e4chen:<\/strong> Dauerparker und blockierte Fl\u00e4chen l\u00f6sen wir rechtlich einwandfrei und zeitnah.<\/li><\/ul><p>\u00a0<\/p><p>Mit unserer Erfahrung und einem umfassenden Leistungsangebot sorgen wir f\u00fcr klare Strukturen und eine effiziente Nutzung Ihrer Fl\u00e4chen. \u00dcberlassen Sie uns die Details \u2013 f\u00fcr Sicherheit und Ordnung, auf die Sie sich verlassen k\u00f6nnen.<\/p>\t\t\t\t\t\t\t\t<\/div>\n\t\t\t\t<\/div>\n\t\t\t\t<\/div>\n\t\t\t\t\t<\/div>\n\t\t\t\t<\/div>\n\t\t<div class=\"elementor-element elementor-element-31b8dbe e-flex e-con-boxed e-con e-parent\" data-id=\"31b8dbe\" data-element_type=\"container\" data-settings=\"{&quot;_ha_eqh_enable&quot;:false}\">\n\t\t\t\t\t<div class=\"e-con-inner\">\n\t\t<div class=\"elementor-element elementor-element-2c25653 e-con-full e-transform e-flex e-con e-child\" data-id=\"2c25653\" data-element_type=\"container\" data-settings=\"{&quot;background_background&quot;:&quot;classic&quot;,&quot;_transform_translateX_effect_hover&quot;:{&quot;unit&quot;:&quot;px&quot;,&quot;size&quot;:0,&quot;sizes&quot;:[]},&quot;_transform_translateY_effect_hover&quot;:{&quot;unit&quot;:&quot;px&quot;,&quot;size&quot;:-5,&quot;sizes&quot;:[]},&quot;_ha_eqh_enable&quot;:false,&quot;_transform_translateX_effect_hover_tablet&quot;:{&quot;unit&quot;:&quot;px&quot;,&quot;size&quot;:&quot;&quot;,&quot;sizes&quot;:[]},&quot;_transform_translateX_effect_hover_mobile&quot;:{&quot;unit&quot;:&quot;px&quot;,&quot;size&quot;:&quot;&quot;,&quot;sizes&quot;:[]},&quot;_transform_translateY_effect_hover_tablet&quot;:{&quot;unit&quot;:&quot;px&quot;,&quot;size&quot;:&quot;&quot;,&quot;sizes&quot;:[]},&quot;_transform_translateY_effect_hover_mobile&quot;:{&quot;unit&quot;:&quot;px&quot;,&quot;size&quot;:&quot;&quot;,&quot;sizes&quot;:[]}}\">\n\t\t\t\t<div class=\"elementor-element elementor-element-9076911 elementor-widget elementor-widget-image\" data-id=\"9076911\" data-element_type=\"widget\" data-widget_type=\"image.default\">\n\t\t\t\t<div class=\"elementor-widget-container\">\n\t\t\t\t\t\t\t\t\t\t\t\t\t\t\t\t<a href=\"https:\/\/egle-immobilien.ch\/?page_id=356\">\n\t\t\t\t\t\t\t<img fetchpriority=\"high\" decoding=\"async\" width=\"612\" height=\"408\" src=\"https:\/\/egle-immobilien.ch\/wp-content\/uploads\/2025\/01\/Parking-lot-opt-2.jpg\" class=\"attachment-full size-full wp-image-1835\" alt=\"\" srcset=\"https:\/\/egle-immobilien.ch\/wp-content\/uploads\/2025\/01\/Parking-lot-opt-2.jpg 612w, https:\/\/egle-immobilien.ch\/wp-content\/uploads\/2025\/01\/Parking-lot-opt-2-300x200.jpg 300w\" sizes=\"(max-width: 612px) 100vw, 612px\" \/>\t\t\t\t\t\t\t\t<\/a>\n\t\t\t\t\t\t\t\t\t\t\t\t\t\t\t<\/div>\n\t\t\t\t<\/div>\n\t\t\t\t<div class=\"elementor-element elementor-element-a809142 elementor-widget elementor-widget-text-editor\" data-id=\"a809142\" data-element_type=\"widget\" data-widget_type=\"text-editor.default\">\n\t\t\t\t<div class=\"elementor-widget-container\">\n\t\t\t\t\t\t\t\t\t<p><strong>Parkplatz- und Grundst\u00fcckbewirtschaftung<\/strong><\/p><p><strong>\u00a0<\/strong><\/p><p>Wir \u00fcbernehmen das effiziente Management Ihrer Grundst\u00fccke \u2013 mit gezielten Massnahmen gegen Fremdparker.<\/p>\t\t\t\t\t\t\t\t<\/div>\n\t\t\t\t<\/div>\n\t\t\t\t<\/div>\n\t\t<div class=\"elementor-element elementor-element-bec96d0 e-con-full e-transform e-flex e-con e-child\" data-id=\"bec96d0\" data-element_type=\"container\" data-settings=\"{&quot;background_background&quot;:&quot;classic&quot;,&quot;_transform_translateY_effect_hover&quot;:{&quot;unit&quot;:&quot;px&quot;,&quot;size&quot;:-5,&quot;sizes&quot;:[]},&quot;_transform_translateX_effect_hover&quot;:{&quot;unit&quot;:&quot;px&quot;,&quot;size&quot;:0,&quot;sizes&quot;:[]},&quot;_ha_eqh_enable&quot;:false,&quot;_transform_translateX_effect_hover_tablet&quot;:{&quot;unit&quot;:&quot;px&quot;,&quot;size&quot;:&quot;&quot;,&quot;sizes&quot;:[]},&quot;_transform_translateX_effect_hover_mobile&quot;:{&quot;unit&quot;:&quot;px&quot;,&quot;size&quot;:&quot;&quot;,&quot;sizes&quot;:[]},&quot;_transform_translateY_effect_hover_tablet&quot;:{&quot;unit&quot;:&quot;px&quot;,&quot;size&quot;:&quot;&quot;,&quot;sizes&quot;:[]},&quot;_transform_translateY_effect_hover_mobile&quot;:{&quot;unit&quot;:&quot;px&quot;,&quot;size&quot;:&quot;&quot;,&quot;sizes&quot;:[]}}\">\n\t\t\t\t<div class=\"elementor-element elementor-element-ae03cf7 elementor-widget elementor-widget-image\" data-id=\"ae03cf7\" data-element_type=\"widget\" data-widget_type=\"image.default\">\n\t\t\t\t<div class=\"elementor-widget-container\">\n\t\t\t\t\t\t\t\t\t\t\t\t\t\t\t\t<a href=\"https:\/\/egle-immobilien.ch\/?page_id=278\">\n\t\t\t\t\t\t\t<img decoding=\"async\" width=\"2038\" height=\"942\" src=\"https:\/\/egle-immobilien.ch\/wp-content\/uploads\/2025\/01\/iStock-1357529222-e1736787342401.jpg\" class=\"attachment-full size-full wp-image-1001\" alt=\"\" srcset=\"https:\/\/egle-immobilien.ch\/wp-content\/uploads\/2025\/01\/iStock-1357529222-e1736787342401.jpg 2038w, https:\/\/egle-immobilien.ch\/wp-content\/uploads\/2025\/01\/iStock-1357529222-e1736787342401-300x139.jpg 300w, https:\/\/egle-immobilien.ch\/wp-content\/uploads\/2025\/01\/iStock-1357529222-e1736787342401-1024x473.jpg 1024w, https:\/\/egle-immobilien.ch\/wp-content\/uploads\/2025\/01\/iStock-1357529222-e1736787342401-768x355.jpg 768w, https:\/\/egle-immobilien.ch\/wp-content\/uploads\/2025\/01\/iStock-1357529222-e1736787342401-1536x710.jpg 1536w\" sizes=\"(max-width: 2038px) 100vw, 2038px\" \/>\t\t\t\t\t\t\t\t<\/a>\n\t\t\t\t\t\t\t\t\t\t\t\t\t\t\t<\/div>\n\t\t\t\t<\/div>\n\t\t\t\t<div class=\"elementor-element elementor-element-2128166 elementor-widget elementor-widget-text-editor\" data-id=\"2128166\" data-element_type=\"widget\" data-widget_type=\"text-editor.default\">\n\t\t\t\t<div class=\"elementor-widget-container\">\n\t\t\t\t\t\t\t\t\t<p><strong>Bewirtschaftung von Mietliegenschaften<\/strong><\/p><p><strong><br><\/strong><\/p>\n<p><\/p>\n<p>Wir k\u00fcmmern uns um die komplette Verwaltung Ihrer Mietliegenschaften \u2013 zuverl\u00e4ssig und effizient.<\/p>\n<p><br><\/p>\t\t\t\t\t\t\t\t<\/div>\n\t\t\t\t<\/div>\n\t\t\t\t<\/div>\n\t\t<div class=\"elementor-element elementor-element-f30b3ef e-con-full e-transform e-flex e-con e-child\" data-id=\"f30b3ef\" data-element_type=\"container\" data-settings=\"{&quot;background_background&quot;:&quot;classic&quot;,&quot;_transform_translateY_effect_hover&quot;:{&quot;unit&quot;:&quot;px&quot;,&quot;size&quot;:-5,&quot;sizes&quot;:[]},&quot;_transform_translateX_effect_hover&quot;:{&quot;unit&quot;:&quot;px&quot;,&quot;size&quot;:0,&quot;sizes&quot;:[]},&quot;_ha_eqh_enable&quot;:false,&quot;_transform_translateX_effect_hover_tablet&quot;:{&quot;unit&quot;:&quot;px&quot;,&quot;size&quot;:&quot;&quot;,&quot;sizes&quot;:[]},&quot;_transform_translateX_effect_hover_mobile&quot;:{&quot;unit&quot;:&quot;px&quot;,&quot;size&quot;:&quot;&quot;,&quot;sizes&quot;:[]},&quot;_transform_translateY_effect_hover_tablet&quot;:{&quot;unit&quot;:&quot;px&quot;,&quot;size&quot;:&quot;&quot;,&quot;sizes&quot;:[]},&quot;_transform_translateY_effect_hover_mobile&quot;:{&quot;unit&quot;:&quot;px&quot;,&quot;size&quot;:&quot;&quot;,&quot;sizes&quot;:[]}}\">\n\t\t\t\t<div class=\"elementor-element elementor-element-292fd7f elementor-widget elementor-widget-image\" data-id=\"292fd7f\" data-element_type=\"widget\" data-widget_type=\"image.default\">\n\t\t\t\t<div class=\"elementor-widget-container\">\n\t\t\t\t\t\t\t\t\t\t\t\t\t\t\t\t<a href=\"https:\/\/egle-immobilien.ch\/?page_id=279\">\n\t\t\t\t\t\t\t<img decoding=\"async\" width=\"2120\" height=\"1032\" src=\"https:\/\/egle-immobilien.ch\/wp-content\/uploads\/2025\/01\/iStock-1412736968-e1736787941111.jpg\" class=\"attachment-full size-full wp-image-999\" alt=\"\" srcset=\"https:\/\/egle-immobilien.ch\/wp-content\/uploads\/2025\/01\/iStock-1412736968-e1736787941111.jpg 2120w, https:\/\/egle-immobilien.ch\/wp-content\/uploads\/2025\/01\/iStock-1412736968-e1736787941111-300x146.jpg 300w, https:\/\/egle-immobilien.ch\/wp-content\/uploads\/2025\/01\/iStock-1412736968-e1736787941111-1024x498.jpg 1024w, https:\/\/egle-immobilien.ch\/wp-content\/uploads\/2025\/01\/iStock-1412736968-e1736787941111-768x374.jpg 768w, https:\/\/egle-immobilien.ch\/wp-content\/uploads\/2025\/01\/iStock-1412736968-e1736787941111-1536x748.jpg 1536w, https:\/\/egle-immobilien.ch\/wp-content\/uploads\/2025\/01\/iStock-1412736968-e1736787941111-2048x997.jpg 2048w\" sizes=\"(max-width: 2120px) 100vw, 2120px\" \/>\t\t\t\t\t\t\t\t<\/a>\n\t\t\t\t\t\t\t\t\t\t\t\t\t\t\t<\/div>\n\t\t\t\t<\/div>\n\t\t\t\t<div class=\"elementor-element elementor-element-7fe30d4 elementor-widget elementor-widget-text-editor\" data-id=\"7fe30d4\" data-element_type=\"widget\" data-widget_type=\"text-editor.default\">\n\t\t\t\t<div class=\"elementor-widget-container\">\n\t\t\t\t\t\t\t\t\t<p><strong style=\"color: var( --e-global-color-7117d00 ); background-color: var( --e-global-color-primary );\">Bewirtschaftung von Stockwerkeigentum<\/strong><\/p>\n<p><strong><br><\/strong><\/p>\n<p><\/p>\n<p>Wir f\u00fchren Ihre STWEG professionell \u2013 kompetent in allen administrativen und technischen Belangen.<\/p><p><br><\/p>\t\t\t\t\t\t\t\t<\/div>\n\t\t\t\t<\/div>\n\t\t\t\t<\/div>\n\t\t<div class=\"elementor-element elementor-element-6c2c3e7 e-con-full e-transform e-flex e-con e-child\" data-id=\"6c2c3e7\" data-element_type=\"container\" data-settings=\"{&quot;background_background&quot;:&quot;classic&quot;,&quot;_transform_translateY_effect_hover&quot;:{&quot;unit&quot;:&quot;px&quot;,&quot;size&quot;:-5,&quot;sizes&quot;:[]},&quot;_transform_translateX_effect_hover&quot;:{&quot;unit&quot;:&quot;px&quot;,&quot;size&quot;:0,&quot;sizes&quot;:[]},&quot;_ha_eqh_enable&quot;:false,&quot;_transform_translateX_effect_hover_tablet&quot;:{&quot;unit&quot;:&quot;px&quot;,&quot;size&quot;:&quot;&quot;,&quot;sizes&quot;:[]},&quot;_transform_translateX_effect_hover_mobile&quot;:{&quot;unit&quot;:&quot;px&quot;,&quot;size&quot;:&quot;&quot;,&quot;sizes&quot;:[]},&quot;_transform_translateY_effect_hover_tablet&quot;:{&quot;unit&quot;:&quot;px&quot;,&quot;size&quot;:&quot;&quot;,&quot;sizes&quot;:[]},&quot;_transform_translateY_effect_hover_mobile&quot;:{&quot;unit&quot;:&quot;px&quot;,&quot;size&quot;:&quot;&quot;,&quot;sizes&quot;:[]}}\">\n\t\t\t\t<div class=\"elementor-element elementor-element-b8e78b5 elementor-widget elementor-widget-image\" data-id=\"b8e78b5\" data-element_type=\"widget\" data-widget_type=\"image.default\">\n\t\t\t\t<div class=\"elementor-widget-container\">\n\t\t\t\t\t\t\t\t\t\t\t\t\t\t\t\t<a href=\"https:\/\/egle-immobilien.ch\/?page_id=357\">\n\t\t\t\t\t\t\t<img loading=\"lazy\" decoding=\"async\" width=\"2121\" height=\"1414\" src=\"https:\/\/egle-immobilien.ch\/wp-content\/uploads\/2025\/01\/iStock-1302150641.jpg\" class=\"attachment-full size-full wp-image-1469\" alt=\"\" srcset=\"https:\/\/egle-immobilien.ch\/wp-content\/uploads\/2025\/01\/iStock-1302150641.jpg 2121w, https:\/\/egle-immobilien.ch\/wp-content\/uploads\/2025\/01\/iStock-1302150641-300x200.jpg 300w, https:\/\/egle-immobilien.ch\/wp-content\/uploads\/2025\/01\/iStock-1302150641-1024x683.jpg 1024w, https:\/\/egle-immobilien.ch\/wp-content\/uploads\/2025\/01\/iStock-1302150641-768x512.jpg 768w, https:\/\/egle-immobilien.ch\/wp-content\/uploads\/2025\/01\/iStock-1302150641-1536x1024.jpg 1536w, https:\/\/egle-immobilien.ch\/wp-content\/uploads\/2025\/01\/iStock-1302150641-2048x1365.jpg 2048w\" sizes=\"(max-width: 2121px) 100vw, 2121px\" \/>\t\t\t\t\t\t\t\t<\/a>\n\t\t\t\t\t\t\t\t\t\t\t\t\t\t\t<\/div>\n\t\t\t\t<\/div>\n\t\t\t\t<div class=\"elementor-element elementor-element-cff7ca3 elementor-widget elementor-widget-text-editor\" data-id=\"cff7ca3\" data-element_type=\"widget\" data-widget_type=\"text-editor.default\">\n\t\t\t\t<div class=\"elementor-widget-container\">\n\t\t\t\t\t\t\t\t\t<p><strong>Erstvermietung und\u00a0<br \/><\/strong><strong style=\"color: var( --e-global-color-7117d00 ); background-color: var( --e-global-color-primary );\">Vermarktung<\/strong><\/p><p>\u00a0<\/p><p>Wir bringen Ihr Objekt erfolgreich auf den Markt \u2013 von der Mietzinsbestimmung \u00fcber Besichtigungen bis hin zur professionellen \u00dcbergabe.<\/p>\t\t\t\t\t\t\t\t<\/div>\n\t\t\t\t<\/div>\n\t\t\t\t<\/div>\n\t\t\t\t\t<\/div>\n\t\t\t\t<\/div>\n\t\t\t\t<\/div>\n\t\t","protected":false},"excerpt":{"rendered":"<p>Parkplatz- und Grundst\u00fcckbewirtschaftung \u2013 Ihre Fl\u00e4chen in besten H\u00e4nden Unbefugtes Parkieren und blockierte Fl\u00e4chen k\u00f6nnen unn\u00f6tige Kosten und Konflikte verursachen. Mit unserer professionellen Parkplatz- und Grundst\u00fcckbewirtschaftung stellen wir sicher, dass Ihre Fl\u00e4chen effizient und gesetzeskonform genutzt werden. \u00a0 Unsere Leistungen im \u00dcberblick: Rechtssichere Beschilderung und klare Regeln: Wir k\u00fcmmern uns um gesetzeskonforme Beschilderungen und schaffen [&hellip;]<\/p>\n","protected":false},"author":1,"featured_media":0,"parent":0,"menu_order":0,"comment_status":"closed","ping_status":"closed","template":"elementor_header_footer","meta":{"footnotes":""},"class_list":["post-356","page","type-page","status-publish","hentry"],"_links":{"self":[{"href":"https:\/\/egle-immobilien.ch\/index.php?rest_route=\/wp\/v2\/pages\/356","targetHints":{"allow":["GET"]}}],"collection":[{"href":"https:\/\/egle-immobilien.ch\/index.php?rest_route=\/wp\/v2\/pages"}],"about":[{"href":"https:\/\/egle-immobilien.ch\/index.php?rest_route=\/wp\/v2\/types\/page"}],"author":[{"embeddable":true,"href":"https:\/\/egle-immobilien.ch\/index.php?rest_route=\/wp\/v2\/users\/1"}],"replies":[{"embeddable":true,"href":"https:\/\/egle-immobilien.ch\/index.php?rest_route=%2Fwp%2Fv2%2Fcomments&post=356"}],"version-history":[{"count":79,"href":"https:\/\/egle-immobilien.ch\/index.php?rest_route=\/wp\/v2\/pages\/356\/revisions"}],"predecessor-version":[{"id":1952,"href":"https:\/\/egle-immobilien.ch\/index.php?rest_route=\/wp\/v2\/pages\/356\/revisions\/1952"}],"wp:attachment":[{"href":"https:\/\/egle-immobilien.ch\/index.php?rest_route=%2Fwp%2Fv2%2Fmedia&parent=356"}],"curies":[{"name":"wp","href":"https:\/\/api.w.org\/{rel}","templated":true}]}}