{"id":357,"date":"2024-12-16T14:43:00","date_gmt":"2024-12-16T13:43:00","guid":{"rendered":"https:\/\/egle-immobilien.ch\/?page_id=357"},"modified":"2025-01-20T11:30:35","modified_gmt":"2025-01-20T10:30:35","slug":"erstvermietung-vermarktung-2","status":"publish","type":"page","link":"https:\/\/egle-immobilien.ch\/?page_id=357","title":{"rendered":"Erstvermietung \/ Vermarktung"},"content":{"rendered":"\t\t<div data-elementor-type=\"wp-page\" data-elementor-id=\"357\" class=\"elementor elementor-357\" data-elementor-settings=\"{&quot;ha_cmc_init_switcher&quot;:&quot;no&quot;}\" data-elementor-post-type=\"page\">\n\t\t\t\t<div class=\"elementor-element elementor-element-e31525a e-flex e-con-boxed e-con e-parent\" data-id=\"e31525a\" data-element_type=\"container\" data-settings=\"{&quot;background_background&quot;:&quot;classic&quot;,&quot;_ha_eqh_enable&quot;:false}\">\n\t\t\t\t\t<div class=\"e-con-inner\">\n\t\t\t\t\t<\/div>\n\t\t\t\t<\/div>\n\t\t<div class=\"elementor-element elementor-element-03d4eca e-flex e-con-boxed e-con e-parent\" data-id=\"03d4eca\" data-element_type=\"container\" data-settings=\"{&quot;background_background&quot;:&quot;classic&quot;,&quot;_ha_eqh_enable&quot;:false}\">\n\t\t\t\t\t<div class=\"e-con-inner\">\n\t\t<div class=\"elementor-element elementor-element-450cecc e-con-full e-flex e-con e-child\" data-id=\"450cecc\" data-element_type=\"container\" data-settings=\"{&quot;_ha_eqh_enable&quot;:false}\">\n\t\t\t\t<div class=\"elementor-element elementor-element-51c6322 ha-has-bg-overlay elementor-widget elementor-widget-heading\" data-id=\"51c6322\" data-element_type=\"widget\" data-widget_type=\"heading.default\">\n\t\t\t\t<div class=\"elementor-widget-container\">\n\t\t\t\t\t<h1 class=\"elementor-heading-title elementor-size-default\">Erstvermietung und Vermarktung \u2013 Ihr zuverl\u00e4ssiger Partner bei der Suche nach dem passenden Mieter<\/h1>\t\t\t\t<\/div>\n\t\t\t\t<\/div>\n\t\t\t\t<div class=\"elementor-element elementor-element-08729a3 elementor-widget elementor-widget-text-editor\" data-id=\"08729a3\" data-element_type=\"widget\" data-widget_type=\"text-editor.default\">\n\t\t\t\t<div class=\"elementor-widget-container\">\n\t\t\t\t\t\t\t\t\t<p>Die Erstvermietung einer Immobilie erfordert sorgf\u00e4ltige Planung und eine zielgerichtete Strategie. Wir unterst\u00fctzen Sie dabei, Ihre Immobilie optimal auf dem Markt zu positionieren und den passenden Mieter zu finden \u2013 mit einer transparenten und effizienten Vorgehensweise.<\/p><p>\u00a0<\/p><p><strong>Unsere Leistungen im \u00dcberblick:<\/strong><\/p><ul><li><strong>Mietpreisfestlegung und Marktanalyse:<\/strong><br \/>Wir beraten Sie bei der Festlegung eines marktgerechten Mietpreises, der sowohl Ihre Erwartungen als auch die aktuellen Marktbedingungen ber\u00fccksichtigt.<\/li><li><strong>Gezielte Vermarktung:<\/strong><br \/>Wir pr\u00e4sentieren Ihre Immobilie gezielt und professionell potenziellen Mietern. Dabei w\u00e4hlen wir die passenden Kan\u00e4le aus, um die Sichtbarkeit Ihrer Immobilie zu maximieren.<\/li><li><strong>Organisation von Besichtigungsterminen:<\/strong><br \/>Wir koordinieren Besichtigungen und stellen sicher, dass Interessenten umfassend informiert sind, sodass eine fundierte Entscheidung getroffen werden kann.<\/li><li><strong>Begleitung des Einzugsprozesses:<\/strong><br \/>Wir unterst\u00fctzen Sie beim reibungslosen Einzug der neuen Mieter, einschliesslich der Erstellung des \u00dcbergabeprotokolls und der Koordination aller weiteren erforderlichen Schritte.<\/li><\/ul><p><br \/>Mit unserer Erfahrung begleiten wir Sie durch den gesamten Prozess der Erstvermietung. Wir stellen sicher, dass alle Schritte strukturiert und professionell umgesetzt werden \u2013 vom ersten Kontakt bis zur erfolgreichen Mieterbindung.<\/p>\t\t\t\t\t\t\t\t<\/div>\n\t\t\t\t<\/div>\n\t\t\t\t<\/div>\n\t\t\t\t\t<\/div>\n\t\t\t\t<\/div>\n\t\t<div class=\"elementor-element elementor-element-573fab2 e-flex e-con-boxed e-con e-parent\" data-id=\"573fab2\" data-element_type=\"container\" data-settings=\"{&quot;_ha_eqh_enable&quot;:false}\">\n\t\t\t\t\t<div class=\"e-con-inner\">\n\t\t<div class=\"elementor-element elementor-element-f6156c2 e-con-full e-transform e-flex e-con e-child\" data-id=\"f6156c2\" data-element_type=\"container\" data-settings=\"{&quot;background_background&quot;:&quot;classic&quot;,&quot;_transform_translateX_effect_hover&quot;:{&quot;unit&quot;:&quot;px&quot;,&quot;size&quot;:0,&quot;sizes&quot;:[]},&quot;_transform_translateY_effect_hover&quot;:{&quot;unit&quot;:&quot;px&quot;,&quot;size&quot;:-5,&quot;sizes&quot;:[]},&quot;_ha_eqh_enable&quot;:false,&quot;_transform_translateX_effect_hover_tablet&quot;:{&quot;unit&quot;:&quot;px&quot;,&quot;size&quot;:&quot;&quot;,&quot;sizes&quot;:[]},&quot;_transform_translateX_effect_hover_mobile&quot;:{&quot;unit&quot;:&quot;px&quot;,&quot;size&quot;:&quot;&quot;,&quot;sizes&quot;:[]},&quot;_transform_translateY_effect_hover_tablet&quot;:{&quot;unit&quot;:&quot;px&quot;,&quot;size&quot;:&quot;&quot;,&quot;sizes&quot;:[]},&quot;_transform_translateY_effect_hover_mobile&quot;:{&quot;unit&quot;:&quot;px&quot;,&quot;size&quot;:&quot;&quot;,&quot;sizes&quot;:[]}}\">\n\t\t\t\t<div class=\"elementor-element elementor-element-8bdb565 elementor-widget elementor-widget-image\" data-id=\"8bdb565\" data-element_type=\"widget\" data-widget_type=\"image.default\">\n\t\t\t\t<div class=\"elementor-widget-container\">\n\t\t\t\t\t\t\t\t\t\t\t\t\t\t\t\t<a href=\"https:\/\/egle-immobilien.ch\/?page_id=356\">\n\t\t\t\t\t\t\t<img fetchpriority=\"high\" decoding=\"async\" width=\"612\" height=\"408\" src=\"https:\/\/egle-immobilien.ch\/wp-content\/uploads\/2025\/01\/Parking-lot-opt-2.jpg\" class=\"attachment-full size-full wp-image-1835\" alt=\"\" srcset=\"https:\/\/egle-immobilien.ch\/wp-content\/uploads\/2025\/01\/Parking-lot-opt-2.jpg 612w, https:\/\/egle-immobilien.ch\/wp-content\/uploads\/2025\/01\/Parking-lot-opt-2-300x200.jpg 300w\" sizes=\"(max-width: 612px) 100vw, 612px\" \/>\t\t\t\t\t\t\t\t<\/a>\n\t\t\t\t\t\t\t\t\t\t\t\t\t\t\t<\/div>\n\t\t\t\t<\/div>\n\t\t\t\t<div class=\"elementor-element elementor-element-624da03 elementor-widget elementor-widget-text-editor\" data-id=\"624da03\" data-element_type=\"widget\" data-widget_type=\"text-editor.default\">\n\t\t\t\t<div class=\"elementor-widget-container\">\n\t\t\t\t\t\t\t\t\t<p><strong>Parkplatz- und Grundst\u00fcckbewirtschaftung<\/strong><\/p><p><strong>\u00a0<\/strong><\/p><p>Wir \u00fcbernehmen das effiziente Management Ihrer Grundst\u00fccke \u2013 mit gezielten Massnahmen gegen Fremdparker.<\/p>\t\t\t\t\t\t\t\t<\/div>\n\t\t\t\t<\/div>\n\t\t\t\t<\/div>\n\t\t<div class=\"elementor-element elementor-element-2ddcfd8 e-con-full e-transform e-flex e-con e-child\" data-id=\"2ddcfd8\" data-element_type=\"container\" data-settings=\"{&quot;background_background&quot;:&quot;classic&quot;,&quot;_transform_translateY_effect_hover&quot;:{&quot;unit&quot;:&quot;px&quot;,&quot;size&quot;:-5,&quot;sizes&quot;:[]},&quot;_transform_translateX_effect_hover&quot;:{&quot;unit&quot;:&quot;px&quot;,&quot;size&quot;:0,&quot;sizes&quot;:[]},&quot;_ha_eqh_enable&quot;:false,&quot;_transform_translateX_effect_hover_tablet&quot;:{&quot;unit&quot;:&quot;px&quot;,&quot;size&quot;:&quot;&quot;,&quot;sizes&quot;:[]},&quot;_transform_translateX_effect_hover_mobile&quot;:{&quot;unit&quot;:&quot;px&quot;,&quot;size&quot;:&quot;&quot;,&quot;sizes&quot;:[]},&quot;_transform_translateY_effect_hover_tablet&quot;:{&quot;unit&quot;:&quot;px&quot;,&quot;size&quot;:&quot;&quot;,&quot;sizes&quot;:[]},&quot;_transform_translateY_effect_hover_mobile&quot;:{&quot;unit&quot;:&quot;px&quot;,&quot;size&quot;:&quot;&quot;,&quot;sizes&quot;:[]}}\">\n\t\t\t\t<div class=\"elementor-element elementor-element-fa24636 elementor-widget elementor-widget-image\" data-id=\"fa24636\" data-element_type=\"widget\" data-widget_type=\"image.default\">\n\t\t\t\t<div class=\"elementor-widget-container\">\n\t\t\t\t\t\t\t\t\t\t\t\t\t\t\t\t<a href=\"https:\/\/egle-immobilien.ch\/?page_id=278\">\n\t\t\t\t\t\t\t<img decoding=\"async\" width=\"2038\" height=\"942\" src=\"https:\/\/egle-immobilien.ch\/wp-content\/uploads\/2025\/01\/iStock-1357529222-e1736787342401.jpg\" class=\"attachment-full size-full wp-image-1001\" alt=\"\" srcset=\"https:\/\/egle-immobilien.ch\/wp-content\/uploads\/2025\/01\/iStock-1357529222-e1736787342401.jpg 2038w, https:\/\/egle-immobilien.ch\/wp-content\/uploads\/2025\/01\/iStock-1357529222-e1736787342401-300x139.jpg 300w, https:\/\/egle-immobilien.ch\/wp-content\/uploads\/2025\/01\/iStock-1357529222-e1736787342401-1024x473.jpg 1024w, https:\/\/egle-immobilien.ch\/wp-content\/uploads\/2025\/01\/iStock-1357529222-e1736787342401-768x355.jpg 768w, https:\/\/egle-immobilien.ch\/wp-content\/uploads\/2025\/01\/iStock-1357529222-e1736787342401-1536x710.jpg 1536w\" sizes=\"(max-width: 2038px) 100vw, 2038px\" \/>\t\t\t\t\t\t\t\t<\/a>\n\t\t\t\t\t\t\t\t\t\t\t\t\t\t\t<\/div>\n\t\t\t\t<\/div>\n\t\t\t\t<div class=\"elementor-element elementor-element-4728972 elementor-widget elementor-widget-text-editor\" data-id=\"4728972\" data-element_type=\"widget\" data-widget_type=\"text-editor.default\">\n\t\t\t\t<div class=\"elementor-widget-container\">\n\t\t\t\t\t\t\t\t\t<p><strong>Bewirtschaftung von Mietliegenschaften<\/strong><\/p><p><strong><br><\/strong><\/p>\n<p><\/p>\n<p>Wir k\u00fcmmern uns um die komplette Verwaltung Ihrer Mietliegenschaften \u2013 zuverl\u00e4ssig und effizient.<\/p>\n<p><br><\/p>\t\t\t\t\t\t\t\t<\/div>\n\t\t\t\t<\/div>\n\t\t\t\t<\/div>\n\t\t<div class=\"elementor-element elementor-element-84c4f47 e-con-full e-transform e-flex e-con e-child\" data-id=\"84c4f47\" data-element_type=\"container\" data-settings=\"{&quot;background_background&quot;:&quot;classic&quot;,&quot;_transform_translateY_effect_hover&quot;:{&quot;unit&quot;:&quot;px&quot;,&quot;size&quot;:-5,&quot;sizes&quot;:[]},&quot;_transform_translateX_effect_hover&quot;:{&quot;unit&quot;:&quot;px&quot;,&quot;size&quot;:0,&quot;sizes&quot;:[]},&quot;_ha_eqh_enable&quot;:false,&quot;_transform_translateX_effect_hover_tablet&quot;:{&quot;unit&quot;:&quot;px&quot;,&quot;size&quot;:&quot;&quot;,&quot;sizes&quot;:[]},&quot;_transform_translateX_effect_hover_mobile&quot;:{&quot;unit&quot;:&quot;px&quot;,&quot;size&quot;:&quot;&quot;,&quot;sizes&quot;:[]},&quot;_transform_translateY_effect_hover_tablet&quot;:{&quot;unit&quot;:&quot;px&quot;,&quot;size&quot;:&quot;&quot;,&quot;sizes&quot;:[]},&quot;_transform_translateY_effect_hover_mobile&quot;:{&quot;unit&quot;:&quot;px&quot;,&quot;size&quot;:&quot;&quot;,&quot;sizes&quot;:[]}}\">\n\t\t\t\t<div class=\"elementor-element elementor-element-316181e elementor-widget elementor-widget-image\" data-id=\"316181e\" data-element_type=\"widget\" data-widget_type=\"image.default\">\n\t\t\t\t<div class=\"elementor-widget-container\">\n\t\t\t\t\t\t\t\t\t\t\t\t\t\t\t\t<a href=\"https:\/\/egle-immobilien.ch\/?page_id=279\">\n\t\t\t\t\t\t\t<img decoding=\"async\" width=\"2120\" height=\"1032\" src=\"https:\/\/egle-immobilien.ch\/wp-content\/uploads\/2025\/01\/iStock-1412736968-e1736787941111.jpg\" class=\"attachment-full size-full wp-image-999\" alt=\"\" srcset=\"https:\/\/egle-immobilien.ch\/wp-content\/uploads\/2025\/01\/iStock-1412736968-e1736787941111.jpg 2120w, https:\/\/egle-immobilien.ch\/wp-content\/uploads\/2025\/01\/iStock-1412736968-e1736787941111-300x146.jpg 300w, https:\/\/egle-immobilien.ch\/wp-content\/uploads\/2025\/01\/iStock-1412736968-e1736787941111-1024x498.jpg 1024w, https:\/\/egle-immobilien.ch\/wp-content\/uploads\/2025\/01\/iStock-1412736968-e1736787941111-768x374.jpg 768w, https:\/\/egle-immobilien.ch\/wp-content\/uploads\/2025\/01\/iStock-1412736968-e1736787941111-1536x748.jpg 1536w, https:\/\/egle-immobilien.ch\/wp-content\/uploads\/2025\/01\/iStock-1412736968-e1736787941111-2048x997.jpg 2048w\" sizes=\"(max-width: 2120px) 100vw, 2120px\" \/>\t\t\t\t\t\t\t\t<\/a>\n\t\t\t\t\t\t\t\t\t\t\t\t\t\t\t<\/div>\n\t\t\t\t<\/div>\n\t\t\t\t<div class=\"elementor-element elementor-element-e03650a elementor-widget elementor-widget-text-editor\" data-id=\"e03650a\" data-element_type=\"widget\" data-widget_type=\"text-editor.default\">\n\t\t\t\t<div class=\"elementor-widget-container\">\n\t\t\t\t\t\t\t\t\t<p><strong style=\"color: var( --e-global-color-7117d00 ); background-color: var( --e-global-color-primary );\">Bewirtschaftung von Stockwerkeigentum<\/strong><\/p>\n<p><strong><br><\/strong><\/p>\n<p><\/p>\n<p>Wir f\u00fchren Ihre STWEG professionell \u2013 kompetent in allen administrativen und technischen Belangen.<\/p><p><br><\/p>\t\t\t\t\t\t\t\t<\/div>\n\t\t\t\t<\/div>\n\t\t\t\t<\/div>\n\t\t<div class=\"elementor-element elementor-element-c93f383 e-con-full e-transform e-flex e-con e-child\" data-id=\"c93f383\" data-element_type=\"container\" data-settings=\"{&quot;background_background&quot;:&quot;classic&quot;,&quot;_transform_translateY_effect_hover&quot;:{&quot;unit&quot;:&quot;px&quot;,&quot;size&quot;:-5,&quot;sizes&quot;:[]},&quot;_transform_translateX_effect_hover&quot;:{&quot;unit&quot;:&quot;px&quot;,&quot;size&quot;:0,&quot;sizes&quot;:[]},&quot;_ha_eqh_enable&quot;:false,&quot;_transform_translateX_effect_hover_tablet&quot;:{&quot;unit&quot;:&quot;px&quot;,&quot;size&quot;:&quot;&quot;,&quot;sizes&quot;:[]},&quot;_transform_translateX_effect_hover_mobile&quot;:{&quot;unit&quot;:&quot;px&quot;,&quot;size&quot;:&quot;&quot;,&quot;sizes&quot;:[]},&quot;_transform_translateY_effect_hover_tablet&quot;:{&quot;unit&quot;:&quot;px&quot;,&quot;size&quot;:&quot;&quot;,&quot;sizes&quot;:[]},&quot;_transform_translateY_effect_hover_mobile&quot;:{&quot;unit&quot;:&quot;px&quot;,&quot;size&quot;:&quot;&quot;,&quot;sizes&quot;:[]}}\">\n\t\t\t\t<div class=\"elementor-element elementor-element-1b6c6e6 elementor-widget elementor-widget-image\" data-id=\"1b6c6e6\" data-element_type=\"widget\" data-widget_type=\"image.default\">\n\t\t\t\t<div class=\"elementor-widget-container\">\n\t\t\t\t\t\t\t\t\t\t\t\t\t\t\t\t<a href=\"https:\/\/egle-immobilien.ch\/?page_id=357\">\n\t\t\t\t\t\t\t<img loading=\"lazy\" decoding=\"async\" width=\"2121\" height=\"1414\" src=\"https:\/\/egle-immobilien.ch\/wp-content\/uploads\/2025\/01\/iStock-1302150641.jpg\" class=\"attachment-full size-full wp-image-1469\" alt=\"\" srcset=\"https:\/\/egle-immobilien.ch\/wp-content\/uploads\/2025\/01\/iStock-1302150641.jpg 2121w, https:\/\/egle-immobilien.ch\/wp-content\/uploads\/2025\/01\/iStock-1302150641-300x200.jpg 300w, https:\/\/egle-immobilien.ch\/wp-content\/uploads\/2025\/01\/iStock-1302150641-1024x683.jpg 1024w, https:\/\/egle-immobilien.ch\/wp-content\/uploads\/2025\/01\/iStock-1302150641-768x512.jpg 768w, https:\/\/egle-immobilien.ch\/wp-content\/uploads\/2025\/01\/iStock-1302150641-1536x1024.jpg 1536w, https:\/\/egle-immobilien.ch\/wp-content\/uploads\/2025\/01\/iStock-1302150641-2048x1365.jpg 2048w\" sizes=\"(max-width: 2121px) 100vw, 2121px\" \/>\t\t\t\t\t\t\t\t<\/a>\n\t\t\t\t\t\t\t\t\t\t\t\t\t\t\t<\/div>\n\t\t\t\t<\/div>\n\t\t\t\t<div class=\"elementor-element elementor-element-3038bfc elementor-widget elementor-widget-text-editor\" data-id=\"3038bfc\" data-element_type=\"widget\" data-widget_type=\"text-editor.default\">\n\t\t\t\t<div class=\"elementor-widget-container\">\n\t\t\t\t\t\t\t\t\t<p><strong>Erstvermietung und\u00a0<br \/><\/strong><strong style=\"color: var( --e-global-color-7117d00 ); background-color: var( --e-global-color-primary );\">Vermarktung<\/strong><\/p><p>\u00a0<\/p><p>Wir bringen Ihr Objekt erfolgreich auf den Markt \u2013 von der Mietzinsbestimmung \u00fcber Besichtigungen bis hin zur professionellen \u00dcbergabe.<\/p>\t\t\t\t\t\t\t\t<\/div>\n\t\t\t\t<\/div>\n\t\t\t\t<\/div>\n\t\t\t\t\t<\/div>\n\t\t\t\t<\/div>\n\t\t\t\t<\/div>\n\t\t","protected":false},"excerpt":{"rendered":"<p>Erstvermietung und Vermarktung \u2013 Ihr zuverl\u00e4ssiger Partner bei der Suche nach dem passenden Mieter Die Erstvermietung einer Immobilie erfordert sorgf\u00e4ltige Planung und eine zielgerichtete Strategie. Wir unterst\u00fctzen Sie dabei, Ihre Immobilie optimal auf dem Markt zu positionieren und den passenden Mieter zu finden \u2013 mit einer transparenten und effizienten Vorgehensweise. \u00a0 Unsere Leistungen im \u00dcberblick: [&hellip;]<\/p>\n","protected":false},"author":1,"featured_media":0,"parent":0,"menu_order":0,"comment_status":"closed","ping_status":"closed","template":"","meta":{"footnotes":""},"class_list":["post-357","page","type-page","status-publish","hentry"],"_links":{"self":[{"href":"https:\/\/egle-immobilien.ch\/index.php?rest_route=\/wp\/v2\/pages\/357","targetHints":{"allow":["GET"]}}],"collection":[{"href":"https:\/\/egle-immobilien.ch\/index.php?rest_route=\/wp\/v2\/pages"}],"about":[{"href":"https:\/\/egle-immobilien.ch\/index.php?rest_route=\/wp\/v2\/types\/page"}],"author":[{"embeddable":true,"href":"https:\/\/egle-immobilien.ch\/index.php?rest_route=\/wp\/v2\/users\/1"}],"replies":[{"embeddable":true,"href":"https:\/\/egle-immobilien.ch\/index.php?rest_route=%2Fwp%2Fv2%2Fcomments&post=357"}],"version-history":[{"count":64,"href":"https:\/\/egle-immobilien.ch\/index.php?rest_route=\/wp\/v2\/pages\/357\/revisions"}],"predecessor-version":[{"id":1943,"href":"https:\/\/egle-immobilien.ch\/index.php?rest_route=\/wp\/v2\/pages\/357\/revisions\/1943"}],"wp:attachment":[{"href":"https:\/\/egle-immobilien.ch\/index.php?rest_route=%2Fwp%2Fv2%2Fmedia&parent=357"}],"curies":[{"name":"wp","href":"https:\/\/api.w.org\/{rel}","templated":true}]}}