{"id":546,"date":"2024-12-30T10:24:45","date_gmt":"2024-12-30T09:24:45","guid":{"rendered":"https:\/\/egle-immobilien.ch\/?page_id=546"},"modified":"2025-01-22T10:43:24","modified_gmt":"2025-01-22T09:43:24","slug":"miet-kaufobjekte","status":"publish","type":"page","link":"https:\/\/egle-immobilien.ch\/?page_id=546","title":{"rendered":"Objekte"},"content":{"rendered":"\t\t<div data-elementor-type=\"wp-page\" data-elementor-id=\"546\" class=\"elementor elementor-546\" data-elementor-settings=\"{&quot;ha_cmc_init_switcher&quot;:&quot;no&quot;}\" data-elementor-post-type=\"page\">\n\t\t\t\t<div class=\"elementor-element elementor-element-3ab5f8f e-flex e-con-boxed e-con e-parent\" data-id=\"3ab5f8f\" data-element_type=\"container\" data-settings=\"{&quot;background_background&quot;:&quot;classic&quot;,&quot;_ha_eqh_enable&quot;:false}\">\n\t\t\t\t\t<div class=\"e-con-inner\">\n\t\t\t\t\t<\/div>\n\t\t\t\t<\/div>\n\t\t<div class=\"elementor-element elementor-element-5449585 e-flex e-con-boxed e-con e-parent\" data-id=\"5449585\" data-element_type=\"container\" data-settings=\"{&quot;_ha_eqh_enable&quot;:false}\">\n\t\t\t\t\t<div class=\"e-con-inner\">\n\t\t\t\t<div class=\"elementor-element elementor-element-4af76d3 elementor-widget elementor-widget-heading\" data-id=\"4af76d3\" data-element_type=\"widget\" data-widget_type=\"heading.default\">\n\t\t\t\t<div class=\"elementor-widget-container\">\n\t\t\t\t\t<h1 class=\"elementor-heading-title elementor-size-default\">Aktuell keine verf\u00fcgbaren Objekte <\/h1>\t\t\t\t<\/div>\n\t\t\t\t<\/div>\n\t\t\t\t<div class=\"elementor-element elementor-element-11d3d21 elementor-widget elementor-widget-text-editor\" data-id=\"11d3d21\" data-element_type=\"widget\" data-widget_type=\"text-editor.default\">\n\t\t\t\t<div class=\"elementor-widget-container\">\n\t\t\t\t\t\t\t\t\t<p><strong>Zurzeit haben wir leider keine freien Miet- oder Kaufobjekte in unserem Portfolio.<\/strong><\/p><p>Um auf dem Laufenden zu bleiben, k\u00f6nnen Sie gerne zu einem sp\u00e4teren Zeitpunkt erneut vorbeischauen. Alternativ k\u00f6nnen Sie sich \u00fcber unser Anmeldeformular als Miet- oder Kaufinteressent registrieren.<\/p><p>Wir melden uns bei Ihnen, sobald ein passendes Objekt verf\u00fcgbar ist.<\/p>\t\t\t\t\t\t\t\t<\/div>\n\t\t\t\t<\/div>\n\t\t<div class=\"elementor-element elementor-element-a95bd9e e-con-full e-flex e-con e-child\" data-id=\"a95bd9e\" data-element_type=\"container\" data-settings=\"{&quot;_ha_eqh_enable&quot;:false}\">\n\t\t\t\t<div class=\"elementor-element elementor-element-4946cd5 elementor-mobile-align-justify elementor-widget__width-auto elementor-widget elementor-widget-button\" data-id=\"4946cd5\" data-element_type=\"widget\" data-widget_type=\"button.default\">\n\t\t\t\t<div class=\"elementor-widget-container\">\n\t\t\t\t\t\t\t\t\t<div class=\"elementor-button-wrapper\">\n\t\t\t\t\t<a class=\"elementor-button elementor-button-link elementor-size-sm elementor-animation-grow\" href=\"https:\/\/egle-immobilien.ch\/?page_id=1520\">\n\t\t\t\t\t\t<span class=\"elementor-button-content-wrapper\">\n\t\t\t\t\t\t\t\t\t<span class=\"elementor-button-text\">Miet- und Kaufinteressenten<\/span>\n\t\t\t\t\t<\/span>\n\t\t\t\t\t<\/a>\n\t\t\t\t<\/div>\n\t\t\t\t\t\t\t\t<\/div>\n\t\t\t\t<\/div>\n\t\t\t\t<\/div>\n\t\t\t\t\t<\/div>\n\t\t\t\t<\/div>\n\t\t\t\t<\/div>\n\t\t","protected":false},"excerpt":{"rendered":"<p>Aktuell keine verf\u00fcgbaren Objekte Zurzeit haben wir leider keine freien Miet- oder Kaufobjekte in unserem Portfolio. Um auf dem Laufenden zu bleiben, k\u00f6nnen Sie gerne zu einem sp\u00e4teren Zeitpunkt erneut vorbeischauen. Alternativ k\u00f6nnen Sie sich \u00fcber unser Anmeldeformular als Miet- oder Kaufinteressent registrieren. Wir melden uns bei Ihnen, sobald ein passendes Objekt verf\u00fcgbar ist. Miet- [&hellip;]<\/p>\n","protected":false},"author":1,"featured_media":0,"parent":0,"menu_order":0,"comment_status":"closed","ping_status":"closed","template":"elementor_header_footer","meta":{"footnotes":""},"class_list":["post-546","page","type-page","status-publish","hentry"],"_links":{"self":[{"href":"https:\/\/egle-immobilien.ch\/index.php?rest_route=\/wp\/v2\/pages\/546","targetHints":{"allow":["GET"]}}],"collection":[{"href":"https:\/\/egle-immobilien.ch\/index.php?rest_route=\/wp\/v2\/pages"}],"about":[{"href":"https:\/\/egle-immobilien.ch\/index.php?rest_route=\/wp\/v2\/types\/page"}],"author":[{"embeddable":true,"href":"https:\/\/egle-immobilien.ch\/index.php?rest_route=\/wp\/v2\/users\/1"}],"replies":[{"embeddable":true,"href":"https:\/\/egle-immobilien.ch\/index.php?rest_route=%2Fwp%2Fv2%2Fcomments&post=546"}],"version-history":[{"count":62,"href":"https:\/\/egle-immobilien.ch\/index.php?rest_route=\/wp\/v2\/pages\/546\/revisions"}],"predecessor-version":[{"id":2101,"href":"https:\/\/egle-immobilien.ch\/index.php?rest_route=\/wp\/v2\/pages\/546\/revisions\/2101"}],"wp:attachment":[{"href":"https:\/\/egle-immobilien.ch\/index.php?rest_route=%2Fwp%2Fv2%2Fmedia&parent=546"}],"curies":[{"name":"wp","href":"https:\/\/api.w.org\/{rel}","templated":true}]}}