{"id":823,"date":"2025-01-01T16:06:04","date_gmt":"2025-01-01T15:06:04","guid":{"rendered":"https:\/\/egle-immobilien.ch\/?page_id=823"},"modified":"2025-01-22T10:48:17","modified_gmt":"2025-01-22T09:48:17","slug":"uber-uns","status":"publish","type":"page","link":"https:\/\/egle-immobilien.ch\/?page_id=823","title":{"rendered":"\u00dcber uns"},"content":{"rendered":"\t\t<div data-elementor-type=\"wp-page\" data-elementor-id=\"823\" class=\"elementor elementor-823\" data-elementor-settings=\"{&quot;ha_cmc_init_switcher&quot;:&quot;no&quot;}\" data-elementor-post-type=\"page\">\n\t\t\t\t<div class=\"elementor-element elementor-element-e326967 e-flex e-con-boxed e-con e-parent\" data-id=\"e326967\" data-element_type=\"container\" data-settings=\"{&quot;background_background&quot;:&quot;classic&quot;,&quot;_ha_eqh_enable&quot;:false}\">\n\t\t\t\t\t<div class=\"e-con-inner\">\n\t\t\t\t\t<\/div>\n\t\t\t\t<\/div>\n\t\t<div class=\"elementor-element elementor-element-7993624 e-flex e-con-boxed e-con e-parent\" data-id=\"7993624\" data-element_type=\"container\" data-settings=\"{&quot;background_background&quot;:&quot;classic&quot;,&quot;_ha_eqh_enable&quot;:false}\">\n\t\t\t\t\t<div class=\"e-con-inner\">\n\t\t<div class=\"elementor-element elementor-element-a48127e e-con-full e-flex e-con e-child\" data-id=\"a48127e\" data-element_type=\"container\" data-settings=\"{&quot;_ha_eqh_enable&quot;:false}\">\n\t\t\t\t<div class=\"elementor-element elementor-element-e2bc467 ha-has-bg-overlay elementor-widget elementor-widget-heading\" data-id=\"e2bc467\" data-element_type=\"widget\" data-widget_type=\"heading.default\">\n\t\t\t\t<div class=\"elementor-widget-container\">\n\t\t\t\t\t<h1 class=\"elementor-heading-title elementor-size-default\">\u00dcber uns \u2013 Ihr Partner f\u00fcr nachhaltige Immobilienverwaltung<\/h1>\t\t\t\t<\/div>\n\t\t\t\t<\/div>\n\t\t\t\t<div class=\"elementor-element elementor-element-b0622fe elementor-widget elementor-widget-text-editor\" data-id=\"b0622fe\" data-element_type=\"widget\" data-widget_type=\"text-editor.default\">\n\t\t\t\t<div class=\"elementor-widget-container\">\n\t\t\t\t\t\t\t\t\t<p>Die EGLE Immobilien GmbH steht f\u00fcr Verl\u00e4sslichkeit, Rechtssicherheit und individuelle Betreuung. Unser Ziel ist es, Ihnen nachhaltige und professionelle L\u00f6sungen f\u00fcr die Bewirtschaftung von Parkfl\u00e4chen, Grundst\u00fccken und Immobilien zu bieten.<\/p><p>Erfahren Sie mehr \u00fcber unsere Werte auf der Seite <a href=\"https:\/\/egle-immobilien.ch\/?page_id=283\">Unsere Philosophie<\/a> oder kontaktieren Sie uns direkt \u00fcber die Seite <a href=\"https:\/\/egle-immobilien.ch\/?page_id=740\">Kontakt<\/a>.<\/p>\t\t\t\t\t\t\t\t<\/div>\n\t\t\t\t<\/div>\n\t\t\t\t<\/div>\n\t\t\t\t\t<\/div>\n\t\t\t\t<\/div>\n\t\t\t\t<\/div>\n\t\t","protected":false},"excerpt":{"rendered":"<p>\u00dcber uns \u2013 Ihr Partner f\u00fcr nachhaltige Immobilienverwaltung Die EGLE Immobilien GmbH steht f\u00fcr Verl\u00e4sslichkeit, Rechtssicherheit und individuelle Betreuung. Unser Ziel ist es, Ihnen nachhaltige und professionelle L\u00f6sungen f\u00fcr die Bewirtschaftung von Parkfl\u00e4chen, Grundst\u00fccken und Immobilien zu bieten. Erfahren Sie mehr \u00fcber unsere Werte auf der Seite Unsere Philosophie oder kontaktieren Sie uns direkt \u00fcber [&hellip;]<\/p>\n","protected":false},"author":1,"featured_media":0,"parent":0,"menu_order":0,"comment_status":"closed","ping_status":"closed","template":"elementor_header_footer","meta":{"footnotes":""},"class_list":["post-823","page","type-page","status-publish","hentry"],"_links":{"self":[{"href":"https:\/\/egle-immobilien.ch\/index.php?rest_route=\/wp\/v2\/pages\/823","targetHints":{"allow":["GET"]}}],"collection":[{"href":"https:\/\/egle-immobilien.ch\/index.php?rest_route=\/wp\/v2\/pages"}],"about":[{"href":"https:\/\/egle-immobilien.ch\/index.php?rest_route=\/wp\/v2\/types\/page"}],"author":[{"embeddable":true,"href":"https:\/\/egle-immobilien.ch\/index.php?rest_route=\/wp\/v2\/users\/1"}],"replies":[{"embeddable":true,"href":"https:\/\/egle-immobilien.ch\/index.php?rest_route=%2Fwp%2Fv2%2Fcomments&post=823"}],"version-history":[{"count":49,"href":"https:\/\/egle-immobilien.ch\/index.php?rest_route=\/wp\/v2\/pages\/823\/revisions"}],"predecessor-version":[{"id":2104,"href":"https:\/\/egle-immobilien.ch\/index.php?rest_route=\/wp\/v2\/pages\/823\/revisions\/2104"}],"wp:attachment":[{"href":"https:\/\/egle-immobilien.ch\/index.php?rest_route=%2Fwp%2Fv2%2Fmedia&parent=823"}],"curies":[{"name":"wp","href":"https:\/\/api.w.org\/{rel}","templated":true}]}}